{"id":688,"date":"2025-04-16T11:32:22","date_gmt":"2025-04-16T11:32:22","guid":{"rendered":"https:\/\/hksmetals.eu\/?page_id=688"},"modified":"2025-04-16T11:46:23","modified_gmt":"2025-04-16T11:46:23","slug":"whistleblower-policy","status":"publish","type":"page","link":"https:\/\/www.hksmetals.eu\/fr\/whistleblower-policy\/","title":{"rendered":"Politique de d\u00e9nonciation"},"content":{"rendered":"<div data-elementor-type=\"wp-page\" data-elementor-id=\"688\" class=\"elementor elementor-688\" data-elementor-post-type=\"page\">\n\t\t\t\t\t\t<section class=\"elementor-section elementor-top-section elementor-element elementor-element-71ce242 elementor-section-full_width elementor-section-height-min-height elementor-section-stretched elementor-section-height-default elementor-section-items-middle\" data-id=\"71ce242\" data-element_type=\"section\" data-e-type=\"section\" data-settings=\"{&quot;stretch_section&quot;:&quot;section-stretched&quot;,&quot;background_background&quot;:&quot;classic&quot;}\">\n\t\t\t\t\t\t<div class=\"elementor-container elementor-column-gap-default\">\n\t\t\t\t\t<div class=\"elementor-column elementor-col-100 elementor-top-column elementor-element elementor-element-35798af\" data-id=\"35798af\" data-element_type=\"column\" data-e-type=\"column\">\n\t\t\t<div class=\"elementor-widget-wrap\">\n\t\t\t\t\t\t\t<\/div>\n\t\t<\/div>\n\t\t\t\t\t<\/div>\n\t\t<\/section>\n\t\t\t\t<section class=\"elementor-section elementor-top-section elementor-element elementor-element-e053afd elementor-section-stretched elementor-section-boxed elementor-section-height-default elementor-section-height-default\" data-id=\"e053afd\" data-element_type=\"section\" data-e-type=\"section\" data-settings=\"{&quot;stretch_section&quot;:&quot;section-stretched&quot;,&quot;background_background&quot;:&quot;classic&quot;}\">\n\t\t\t\t\t\t<div class=\"elementor-container elementor-column-gap-default\">\n\t\t\t\t\t<div class=\"elementor-column elementor-col-100 elementor-top-column elementor-element elementor-element-e2456e7\" data-id=\"e2456e7\" data-element_type=\"column\" data-e-type=\"column\">\n\t\t\t<div class=\"elementor-widget-wrap elementor-element-populated\">\n\t\t\t\t\t\t<section class=\"elementor-section elementor-inner-section elementor-element elementor-element-0a6c841 elementor-section-boxed elementor-section-height-default elementor-section-height-default\" data-id=\"0a6c841\" data-element_type=\"section\" data-e-type=\"section\">\n\t\t\t\t\t\t<div class=\"elementor-container elementor-column-gap-default\">\n\t\t\t\t\t<div class=\"elementor-column elementor-col-50 elementor-inner-column elementor-element elementor-element-2416779\" data-id=\"2416779\" data-element_type=\"column\" data-e-type=\"column\" data-settings=\"{&quot;background_background&quot;:&quot;classic&quot;}\">\n\t\t\t<div class=\"elementor-widget-wrap elementor-element-populated\">\n\t\t\t\t\t\t<div class=\"elementor-element elementor-element-226fe81 elementor-widget elementor-widget-heading\" data-id=\"226fe81\" data-element_type=\"widget\" data-e-type=\"widget\" data-widget_type=\"heading.default\">\n\t\t\t\t<div class=\"elementor-widget-container\">\n\t\t\t\t\t<h1 class=\"elementor-heading-title elementor-size-default\">Politique de d\u00e9nonciation<\/h1>\t\t\t\t<\/div>\n\t\t\t\t<\/div>\n\t\t\t\t\t<\/div>\n\t\t<\/div>\n\t\t\t\t<div class=\"elementor-column elementor-col-50 elementor-inner-column elementor-element elementor-element-874418b\" data-id=\"874418b\" data-element_type=\"column\" data-e-type=\"column\">\n\t\t\t<div class=\"elementor-widget-wrap\">\n\t\t\t\t\t\t\t<\/div>\n\t\t<\/div>\n\t\t\t\t\t<\/div>\n\t\t<\/section>\n\t\t\t\t<div class=\"elementor-element elementor-element-894da3d elementor-widget elementor-widget-heading\" data-id=\"894da3d\" data-element_type=\"widget\" data-e-type=\"widget\" data-widget_type=\"heading.default\">\n\t\t\t\t<div class=\"elementor-widget-container\">\n\t\t\t\t\t<h2 class=\"elementor-heading-title elementor-size-default\">Politique de d\u00e9nonciation de REMONDIS\n<\/h2>\t\t\t\t<\/div>\n\t\t\t\t<\/div>\n\t\t\t\t<div class=\"elementor-element elementor-element-3c806ee elementor-widget elementor-widget-text-editor\" data-id=\"3c806ee\" data-element_type=\"widget\" data-e-type=\"widget\" data-widget_type=\"text-editor.default\">\n\t\t\t\t<div class=\"elementor-widget-container\">\n\t\t\t\t\t\t\t\t\t<p><a href=\"https:\/\/www.hksmetals.eu\/wp-content\/uploads\/2025\/04\/de-remondis-whistleblowing-policy-deutsch.pdf\" target=\"_blank\" rel=\"noopener\">PDF (EN ANGLAIS)<\/a> (deutsch)<\/p><p><a href=\"https:\/\/www.hksmetals.eu\/wp-content\/uploads\/2025\/04\/en-2-remondis-whistleblowing-policy-englisch-en.pdf\" target=\"_blank\" rel=\"noopener\">PDF (EN ANGLAIS)<\/a> (anglais)<\/p><p><a href=\"https:\/\/www.hksmetals.eu\/wp-content\/uploads\/2025\/04\/zh-remondis-whistleblowing-policy-chinesisch-zh.pdf\" target=\"_blank\" rel=\"noopener\">PDF (EN ANGLAIS)<\/a> (\u4e2d\u570b\u4eba)<\/p><p><a href=\"https:\/\/www.hksmetals.eu\/wp-content\/uploads\/2025\/04\/cz-remondis-whistleblowing-policy-tschechisch-cz.pdf\" target=\"_blank\" rel=\"noopener\">PDF (EN ANGLAIS) <\/a>(\u010de\u0161tina)<\/p><p><a href=\"https:\/\/www.hksmetals.eu\/wp-content\/uploads\/2025\/04\/dk-remondis-whistleblowing-policy-daenisch-dk.pdf\" target=\"_blank\" rel=\"noopener\">PDF (EN ANGLAIS)<\/a> (dansk)<\/p><p><a href=\"https:\/\/www.hksmetals.eu\/wp-content\/uploads\/2025\/04\/ek-remondis-whistleblowing-policy-spanisch-es.pdf\" target=\"_blank\" rel=\"noopener\">PDF (EN ANGLAIS)<\/a> (espa\u00f1ol)<\/p><p><a href=\"https:\/\/www.hksmetals.eu\/wp-content\/uploads\/2025\/04\/fr-remondis-whistleblowing-policy-franzoesisch-fr.pdf\" target=\"_blank\" rel=\"noopener\">PDF (EN ANGLAIS)<\/a> (fran\u00e7ais)<\/p><p><a href=\"https:\/\/www.hksmetals.eu\/wp-content\/uploads\/2025\/04\/it-remondis-whistleblowing-policy-italienisch.pdf\" target=\"_blank\" rel=\"noopener\">PDF (EN ANGLAIS)<\/a> (italiano)<\/p><p><a href=\"https:\/\/www.hksmetals.eu\/wp-content\/uploads\/2025\/04\/nl-2-remondis-whistleblowing-policy-niederlaendisch-nl.pdf\" target=\"_blank\" rel=\"noopener\">PDF (EN ANGLAIS)<\/a> (n\u00e9erlandais)<\/p><p><a href=\"https:\/\/www.hksmetals.eu\/wp-content\/uploads\/2025\/04\/pl-2-remondis-whistleblowing-policy-polnisch.pdf\" target=\"_blank\" rel=\"noopener\">PDF (EN ANGLAIS)<\/a> (polski)<\/p><p><a href=\"https:\/\/www.hksmetals.eu\/wp-content\/uploads\/2025\/04\/se-remondis-whistleblowing-policy-schwedisch-se.pdf\" target=\"_blank\" rel=\"noopener\">PDF (EN ANGLAIS)<\/a> (svenska)<\/p><p><a href=\"https:\/\/www.hksmetals.eu\/wp-content\/uploads\/2025\/04\/sl-remondis-whistleblowing-policy-slowenisch-sl.pdf\" target=\"_blank\" rel=\"noopener\">PDF (EN ANGLAIS)<\/a> (slowenian)<\/p><p><a href=\"https:\/\/www.hksmetals.eu\/wp-content\/uploads\/2025\/04\/tr-remondis-whistleblowing-policy-tuerkischtr.pdf\" target=\"_blank\" rel=\"noopener\">PDF (EN ANGLAIS)<\/a> (t\u00fcrk\u00e7e)<\/p>\t\t\t\t\t\t\t\t<\/div>\n\t\t\t\t<\/div>\n\t\t\t\t\t<\/div>\n\t\t<\/div>\n\t\t\t\t\t<\/div>\n\t\t<\/section>\n\t\t\t\t<\/div>","protected":false},"excerpt":{"rendered":"<p>Whistleblower Policy REMONDIS Whistleblowing Policy PDF (deutsch) PDF (english) PDF (\u4e2d\u570b\u4eba) PDF (\u010de\u0161tina) PDF (dansk) PDF (espa\u00f1ol) PDF (fran\u00e7ais) PDF (italiano) PDF (nederlands) PDF (polski) PDF (svenska) PDF (slowenisch) PDF (t\u00fcrk\u00e7e)<\/p>","protected":false},"author":1,"featured_media":0,"parent":0,"menu_order":0,"comment_status":"closed","ping_status":"closed","template":"elementor_header_footer","meta":{"_acf_changed":false,"inline_featured_image":false,"_genesis_hide_title":false,"_genesis_hide_breadcrumbs":false,"_genesis_hide_singular_image":false,"_genesis_hide_footer_widgets":false,"_genesis_custom_body_class":"","_genesis_custom_post_class":"","_genesis_layout":"","footnotes":""},"class_list":{"0":"post-688","1":"page","2":"type-page","3":"status-publish","5":"entry"},"acf":[],"yoast_head":"<!-- This site is optimized with the Yoast SEO plugin v27.5 - https:\/\/yoast.com\/product\/yoast-seo-wordpress\/ -->\n<title>Whistleblower Policy - HKS - The Metal Company<\/title>\n<meta name=\"robots\" content=\"index, follow, max-snippet:-1, max-image-preview:large, max-video-preview:-1\" \/>\n<link rel=\"canonical\" href=\"https:\/\/www.hksmetals.eu\/fr\/whistleblower-policy\/\" \/>\n<meta property=\"og:locale\" content=\"fr_FR\" \/>\n<meta property=\"og:type\" content=\"article\" \/>\n<meta property=\"og:title\" content=\"Whistleblower Policy - HKS - The Metal Company\" \/>\n<meta property=\"og:description\" content=\"Whistleblower Policy REMONDIS Whistleblowing Policy PDF (deutsch) PDF (english) PDF (\u4e2d\u570b\u4eba) PDF (\u010de\u0161tina) PDF (dansk) PDF (espa\u00f1ol) PDF (fran\u00e7ais) PDF (italiano) PDF (nederlands) PDF (polski) PDF (svenska) PDF (slowenisch) PDF (t\u00fcrk\u00e7e)\" \/>\n<meta property=\"og:url\" content=\"https:\/\/www.hksmetals.eu\/fr\/whistleblower-policy\/\" \/>\n<meta property=\"og:site_name\" content=\"HKS - The Metal Company\" \/>\n<meta property=\"article:modified_time\" content=\"2025-04-16T11:46:23+00:00\" \/>\n<meta name=\"twitter:card\" content=\"summary_large_image\" \/>\n<script type=\"application\/ld+json\" class=\"yoast-schema-graph\">{\"@context\":\"https:\\\/\\\/schema.org\",\"@graph\":[{\"@type\":\"WebPage\",\"@id\":\"https:\\\/\\\/www.hksmetals.eu\\\/whistleblower-policy\\\/\",\"url\":\"https:\\\/\\\/www.hksmetals.eu\\\/whistleblower-policy\\\/\",\"name\":\"Whistleblower Policy - HKS - The Metal Company\",\"isPartOf\":{\"@id\":\"https:\\\/\\\/www.hksmetals.eu\\\/#website\"},\"datePublished\":\"2025-04-16T11:32:22+00:00\",\"dateModified\":\"2025-04-16T11:46:23+00:00\",\"breadcrumb\":{\"@id\":\"https:\\\/\\\/www.hksmetals.eu\\\/whistleblower-policy\\\/#breadcrumb\"},\"inLanguage\":\"fr-FR\",\"potentialAction\":[{\"@type\":\"ReadAction\",\"target\":[\"https:\\\/\\\/www.hksmetals.eu\\\/whistleblower-policy\\\/\"]}]},{\"@type\":\"BreadcrumbList\",\"@id\":\"https:\\\/\\\/www.hksmetals.eu\\\/whistleblower-policy\\\/#breadcrumb\",\"itemListElement\":[{\"@type\":\"ListItem\",\"position\":1,\"name\":\"Home\",\"item\":\"https:\\\/\\\/www.hksmetals.eu\\\/\"},{\"@type\":\"ListItem\",\"position\":2,\"name\":\"Whistleblower Policy\"}]},{\"@type\":\"WebSite\",\"@id\":\"https:\\\/\\\/www.hksmetals.eu\\\/#website\",\"url\":\"https:\\\/\\\/www.hksmetals.eu\\\/\",\"name\":\"HKS - The Metal Company\",\"description\":\"\",\"publisher\":{\"@id\":\"https:\\\/\\\/www.hksmetals.eu\\\/#organization\"},\"potentialAction\":[{\"@type\":\"SearchAction\",\"target\":{\"@type\":\"EntryPoint\",\"urlTemplate\":\"https:\\\/\\\/www.hksmetals.eu\\\/?s={search_term_string}\"},\"query-input\":{\"@type\":\"PropertyValueSpecification\",\"valueRequired\":true,\"valueName\":\"search_term_string\"}}],\"inLanguage\":\"fr-FR\"},{\"@type\":\"Organization\",\"@id\":\"https:\\\/\\\/www.hksmetals.eu\\\/#organization\",\"name\":\"HKS - The Metal Company\",\"url\":\"https:\\\/\\\/www.hksmetals.eu\\\/\",\"logo\":{\"@type\":\"ImageObject\",\"inLanguage\":\"fr-FR\",\"@id\":\"https:\\\/\\\/www.hksmetals.eu\\\/#\\\/schema\\\/logo\\\/image\\\/\",\"url\":\"https:\\\/\\\/www.hksmetals.eu\\\/wp-content\\\/uploads\\\/2025\\\/03\\\/hks-logo-light.svg\",\"contentUrl\":\"https:\\\/\\\/www.hksmetals.eu\\\/wp-content\\\/uploads\\\/2025\\\/03\\\/hks-logo-light.svg\",\"width\":156,\"height\":50,\"caption\":\"HKS - The Metal Company\"},\"image\":{\"@id\":\"https:\\\/\\\/www.hksmetals.eu\\\/#\\\/schema\\\/logo\\\/image\\\/\"}}]}<\/script>\n<!-- \/ Yoast SEO plugin. -->","yoast_head_json":{"title":"Whistleblower Policy - HKS - The Metal Company","robots":{"index":"index","follow":"follow","max-snippet":"max-snippet:-1","max-image-preview":"max-image-preview:large","max-video-preview":"max-video-preview:-1"},"canonical":"https:\/\/www.hksmetals.eu\/fr\/whistleblower-policy\/","og_locale":"fr_FR","og_type":"article","og_title":"Whistleblower Policy - HKS - The Metal Company","og_description":"Whistleblower Policy REMONDIS Whistleblowing Policy PDF (deutsch) PDF (english) PDF (\u4e2d\u570b\u4eba) PDF (\u010de\u0161tina) PDF (dansk) PDF (espa\u00f1ol) PDF (fran\u00e7ais) PDF (italiano) PDF (nederlands) PDF (polski) PDF (svenska) PDF (slowenisch) PDF (t\u00fcrk\u00e7e)","og_url":"https:\/\/www.hksmetals.eu\/fr\/whistleblower-policy\/","og_site_name":"HKS - The Metal Company","article_modified_time":"2025-04-16T11:46:23+00:00","twitter_card":"summary_large_image","schema":{"@context":"https:\/\/schema.org","@graph":[{"@type":"WebPage","@id":"https:\/\/www.hksmetals.eu\/whistleblower-policy\/","url":"https:\/\/www.hksmetals.eu\/whistleblower-policy\/","name":"Whistleblower Policy - HKS - The Metal Company","isPartOf":{"@id":"https:\/\/www.hksmetals.eu\/#website"},"datePublished":"2025-04-16T11:32:22+00:00","dateModified":"2025-04-16T11:46:23+00:00","breadcrumb":{"@id":"https:\/\/www.hksmetals.eu\/whistleblower-policy\/#breadcrumb"},"inLanguage":"fr-FR","potentialAction":[{"@type":"ReadAction","target":["https:\/\/www.hksmetals.eu\/whistleblower-policy\/"]}]},{"@type":"BreadcrumbList","@id":"https:\/\/www.hksmetals.eu\/whistleblower-policy\/#breadcrumb","itemListElement":[{"@type":"ListItem","position":1,"name":"Home","item":"https:\/\/www.hksmetals.eu\/"},{"@type":"ListItem","position":2,"name":"Whistleblower Policy"}]},{"@type":"WebSite","@id":"https:\/\/www.hksmetals.eu\/#website","url":"https:\/\/www.hksmetals.eu\/","name":"HKS - The Metal Company","description":"","publisher":{"@id":"https:\/\/www.hksmetals.eu\/#organization"},"potentialAction":[{"@type":"SearchAction","target":{"@type":"EntryPoint","urlTemplate":"https:\/\/www.hksmetals.eu\/?s={search_term_string}"},"query-input":{"@type":"PropertyValueSpecification","valueRequired":true,"valueName":"search_term_string"}}],"inLanguage":"fr-FR"},{"@type":"Organization","@id":"https:\/\/www.hksmetals.eu\/#organization","name":"HKS - The Metal Company","url":"https:\/\/www.hksmetals.eu\/","logo":{"@type":"ImageObject","inLanguage":"fr-FR","@id":"https:\/\/www.hksmetals.eu\/#\/schema\/logo\/image\/","url":"https:\/\/www.hksmetals.eu\/wp-content\/uploads\/2025\/03\/hks-logo-light.svg","contentUrl":"https:\/\/www.hksmetals.eu\/wp-content\/uploads\/2025\/03\/hks-logo-light.svg","width":156,"height":50,"caption":"HKS - The Metal Company"},"image":{"@id":"https:\/\/www.hksmetals.eu\/#\/schema\/logo\/image\/"}}]}},"_links":{"self":[{"href":"https:\/\/www.hksmetals.eu\/fr\/wp-json\/wp\/v2\/pages\/688","targetHints":{"allow":["GET"]}}],"collection":[{"href":"https:\/\/www.hksmetals.eu\/fr\/wp-json\/wp\/v2\/pages"}],"about":[{"href":"https:\/\/www.hksmetals.eu\/fr\/wp-json\/wp\/v2\/types\/page"}],"author":[{"embeddable":true,"href":"https:\/\/www.hksmetals.eu\/fr\/wp-json\/wp\/v2\/users\/1"}],"replies":[{"embeddable":true,"href":"https:\/\/www.hksmetals.eu\/fr\/wp-json\/wp\/v2\/comments?post=688"}],"version-history":[{"count":13,"href":"https:\/\/www.hksmetals.eu\/fr\/wp-json\/wp\/v2\/pages\/688\/revisions"}],"predecessor-version":[{"id":723,"href":"https:\/\/www.hksmetals.eu\/fr\/wp-json\/wp\/v2\/pages\/688\/revisions\/723"}],"wp:attachment":[{"href":"https:\/\/www.hksmetals.eu\/fr\/wp-json\/wp\/v2\/media?parent=688"}],"curies":[{"name":"wp","href":"https:\/\/api.w.org\/{rel}","templated":true}]}}