{"id":466,"date":"2025-04-03T15:09:47","date_gmt":"2025-04-03T15:09:47","guid":{"rendered":"https:\/\/hksmetals.eu\/?page_id=466"},"modified":"2025-04-16T12:27:06","modified_gmt":"2025-04-16T12:27:06","slug":"co2-publicaties","status":"publish","type":"page","link":"https:\/\/www.hksmetals.eu\/fr\/co2-publicaties\/","title":{"rendered":"CO2 Publicaties"},"content":{"rendered":"<div data-elementor-type=\"wp-page\" data-elementor-id=\"466\" class=\"elementor elementor-466\" data-elementor-post-type=\"page\">\n\t\t\t\t\t\t<section class=\"elementor-section elementor-top-section elementor-element elementor-element-856f112 elementor-section-full_width elementor-section-height-min-height elementor-section-stretched elementor-section-height-default elementor-section-items-middle\" data-id=\"856f112\" data-element_type=\"section\" data-e-type=\"section\" data-settings=\"{&quot;stretch_section&quot;:&quot;section-stretched&quot;,&quot;background_background&quot;:&quot;classic&quot;}\">\n\t\t\t\t\t\t<div class=\"elementor-container elementor-column-gap-default\">\n\t\t\t\t\t<div class=\"elementor-column elementor-col-100 elementor-top-column elementor-element elementor-element-cb70c71\" data-id=\"cb70c71\" data-element_type=\"column\" data-e-type=\"column\">\n\t\t\t<div class=\"elementor-widget-wrap\">\n\t\t\t\t\t\t\t<\/div>\n\t\t<\/div>\n\t\t\t\t\t<\/div>\n\t\t<\/section>\n\t\t\t\t<section class=\"elementor-section elementor-top-section elementor-element elementor-element-7b75a26 elementor-section-stretched elementor-section-boxed elementor-section-height-default elementor-section-height-default\" data-id=\"7b75a26\" data-element_type=\"section\" data-e-type=\"section\" data-settings=\"{&quot;stretch_section&quot;:&quot;section-stretched&quot;,&quot;background_background&quot;:&quot;classic&quot;}\">\n\t\t\t\t\t\t<div class=\"elementor-container elementor-column-gap-default\">\n\t\t\t\t\t<div class=\"elementor-column elementor-col-100 elementor-top-column elementor-element elementor-element-3a76858\" data-id=\"3a76858\" data-element_type=\"column\" data-e-type=\"column\">\n\t\t\t<div class=\"elementor-widget-wrap elementor-element-populated\">\n\t\t\t\t\t\t<section class=\"elementor-section elementor-inner-section elementor-element elementor-element-5ebd563 elementor-section-boxed elementor-section-height-default elementor-section-height-default\" data-id=\"5ebd563\" data-element_type=\"section\" data-e-type=\"section\">\n\t\t\t\t\t\t<div class=\"elementor-container elementor-column-gap-default\">\n\t\t\t\t\t<div class=\"elementor-column elementor-col-50 elementor-inner-column elementor-element elementor-element-402d784\" data-id=\"402d784\" data-element_type=\"column\" data-e-type=\"column\" data-settings=\"{&quot;background_background&quot;:&quot;classic&quot;}\">\n\t\t\t<div class=\"elementor-widget-wrap elementor-element-populated\">\n\t\t\t\t\t\t<div class=\"elementor-element elementor-element-b4420d5 elementor-widget elementor-widget-heading\" data-id=\"b4420d5\" data-element_type=\"widget\" data-e-type=\"widget\" data-widget_type=\"heading.default\">\n\t\t\t\t<div class=\"elementor-widget-container\">\n\t\t\t\t\t<h1 class=\"elementor-heading-title elementor-size-default\">Publications sur le CO2<\/h1>\t\t\t\t<\/div>\n\t\t\t\t<\/div>\n\t\t\t\t<div class=\"elementor-element elementor-element-8567bae elementor-widget elementor-widget-text-editor\" data-id=\"8567bae\" data-element_type=\"widget\" data-e-type=\"widget\" data-widget_type=\"text-editor.default\">\n\t\t\t\t<div class=\"elementor-widget-container\">\n\t\t\t\t\t\t\t\t\t<p>HKS se sent responsable de sa consommation d'\u00e9nergie et des \u00e9missions de CO2 qui en d\u00e9coulent. En optimisant les processus commerciaux, nous visons \u00e0 maximiser le recyclage des m\u00e9taux afin de minimiser la consommation d'\u00e9nergie n\u00e9cessaire et les \u00e9missions de CO2 associ\u00e9es. Ce faisant, nous pr\u00eatons attention aux aspects sociaux et environnementaux, comme le souligne notre certification CSR-4.<\/p><p>D\u00e9couvrez ce que fait HKS pour r\u00e9duire les \u00e9missions de CO2, en lisant les publications sur le CO2 ci-dessous.<\/p>\t\t\t\t\t\t\t\t<\/div>\n\t\t\t\t<\/div>\n\t\t\t\t\t<\/div>\n\t\t<\/div>\n\t\t\t\t<div class=\"elementor-column elementor-col-50 elementor-inner-column elementor-element elementor-element-558240c\" data-id=\"558240c\" data-element_type=\"column\" data-e-type=\"column\">\n\t\t\t<div class=\"elementor-widget-wrap\">\n\t\t\t\t\t\t\t<\/div>\n\t\t<\/div>\n\t\t\t\t\t<\/div>\n\t\t<\/section>\n\t\t\t\t<div class=\"elementor-element elementor-element-7027534 elementor-widget elementor-widget-heading\" data-id=\"7027534\" data-element_type=\"widget\" data-e-type=\"widget\" data-widget_type=\"heading.default\">\n\t\t\t\t<div class=\"elementor-widget-container\">\n\t\t\t\t\t<h2 class=\"elementor-heading-title elementor-size-default\">Nos publications sur le CO2<\/h2>\t\t\t\t<\/div>\n\t\t\t\t<\/div>\n\t\t\t\t<div class=\"elementor-element elementor-element-1afa947 elementor-widget elementor-widget-text-editor\" data-id=\"1afa947\" data-element_type=\"widget\" data-e-type=\"widget\" data-widget_type=\"text-editor.default\">\n\t\t\t\t<div class=\"elementor-widget-container\">\n\t\t\t\t\t\t\t\t\t<p><a href=\"https:\/\/www.hksmetals.eu\/wp-content\/uploads\/2025\/04\/2024-1e-helft-overzicht-co2-extern.pdf\" target=\"_blank\" rel=\"noopener\">CO2 au cours du 1er semestre 2024<\/a><br \/><a href=\"https:\/\/www.hksmetals.eu\/wp-content\/uploads\/2025\/04\/2023-jaaroverzicht-co2-extern-2.pdf\" target=\"_blank\" rel=\"noopener\">CO2 en 2023<\/a><br \/><a href=\"https:\/\/www.hksmetals.eu\/wp-content\/uploads\/2025\/04\/co2-emissie-hks-2022.pdf\" target=\"_blank\" rel=\"noopener\">CO2 en 2022<\/a><br \/><a href=\"https:\/\/www.hksmetals.eu\/wp-content\/uploads\/2025\/04\/co2-over-2021.pdf\" target=\"_blank\" rel=\"noopener\">CO2 en 2021<\/a><br \/><a href=\"https:\/\/www.hksmetals.eu\/wp-content\/uploads\/2025\/04\/co2-2020-totaal-sj-004.pdf\" target=\"_blank\" rel=\"noopener\">CO2 en 2020<\/a><br \/><a href=\"https:\/\/www.hksmetals.eu\/wp-content\/uploads\/2025\/04\/energiemanagement-actieplan-2023.pdf\" target=\"_blank\" rel=\"noopener\">Plan d'action pour la gestion de l'\u00e9nergie<\/a><br \/><a href=\"https:\/\/www.co2-prestatieladder.nl\/deelnemers\/?q=&amp;type=certificaathouder+dochteronderneming+opdrachtgever+project&amp;level=1+2+3+4+5&amp;sector=\" target=\"_blank\" rel=\"noopener\">Co2performanceadder.co.uk<\/a><\/p>\t\t\t\t\t\t\t\t<\/div>\n\t\t\t\t<\/div>\n\t\t\t\t\t<\/div>\n\t\t<\/div>\n\t\t\t\t\t<\/div>\n\t\t<\/section>\n\t\t\t\t<section class=\"elementor-section elementor-top-section elementor-element elementor-element-f3eb213 elementor-section-boxed elementor-section-height-default elementor-section-height-default\" data-id=\"f3eb213\" data-element_type=\"section\" data-e-type=\"section\">\n\t\t\t\t\t\t<div class=\"elementor-container elementor-column-gap-default\">\n\t\t\t\t\t<div class=\"elementor-column elementor-col-100 elementor-top-column elementor-element elementor-element-31b21db\" data-id=\"31b21db\" data-element_type=\"column\" data-e-type=\"column\">\n\t\t\t<div class=\"elementor-widget-wrap elementor-element-populated\">\n\t\t\t\t\t\t<div class=\"elementor-element elementor-element-efda00f elementor-widget elementor-widget-heading\" data-id=\"efda00f\" data-element_type=\"widget\" data-e-type=\"widget\" data-widget_type=\"heading.default\">\n\t\t\t\t<div class=\"elementor-widget-container\">\n\t\t\t\t\t<h2 class=\"elementor-heading-title elementor-size-default\">Nos initiatives en mati\u00e8re de CO2\n<\/h2>\t\t\t\t<\/div>\n\t\t\t\t<\/div>\n\t\t\t\t<div class=\"elementor-element elementor-element-3374397 elementor-widget elementor-widget-text-editor\" data-id=\"3374397\" data-element_type=\"widget\" data-e-type=\"widget\" data-widget_type=\"text-editor.default\">\n\t\t\t\t<div class=\"elementor-widget-container\">\n\t\t\t\t\t\t\t\t\t<p><a href=\"https:\/\/www.linkedin.com\/posts\/hks-metals_tsr40-tsr130-tsr136-activity-7212363074169663489-qu58?utm_source=share&amp;utm_medium=member_desktop\" target=\"_blank\" rel=\"noopener\">TSR 40, utilisation pour les aciers de qualit\u00e9 sup\u00e9rieure<\/a><br \/><a href=\"https:\/\/www.linkedin.com\/posts\/hks-metals_closing-the-loop-in-de-auto-industrie-activity-7209110712747487232-kBih?utm_source=share&amp;utm_medium=member_desktop\" target=\"_blank\" rel=\"noopener\">Audi, Boucler la boucle<\/a><br \/><a href=\"https:\/\/www.linkedin.com\/posts\/hks-metals_hks-swapfiets-circulaireeconomie-activity-7120702874925322240-RiM0?utm_source=share&amp;utm_medium=member_desktop\" target=\"_blank\" rel=\"noopener\">V\u00e9lo d'\u00e9change, boucler la boucle<\/a><br \/><a href=\"https:\/\/www.linkedin.com\/posts\/hks-metals_metaalrecycling-co2-circulaireeconomie-activity-7107374608240005120-r9Fe?utm_source=share&amp;utm_medium=member_desktop\" target=\"_blank\" rel=\"noopener\">Hyster, boucler la boucle<\/a><br \/><a href=\"https:\/\/www.linkedin.com\/posts\/hks-metals_artikel-ibrahim-bayram-activity-7126218893060136960-Nlc-?utm_source=share&amp;utm_medium=member_desktop\" target=\"_blank\" rel=\"noopener\">R\u00e9duction des \u00e9missions de CO2 lors de la construction des fa\u00e7ades.<\/a><\/p>\t\t\t\t\t\t\t\t<\/div>\n\t\t\t\t<\/div>\n\t\t\t\t\t<\/div>\n\t\t<\/div>\n\t\t\t\t\t<\/div>\n\t\t<\/section>\n\t\t\t\t<\/div>","protected":false},"excerpt":{"rendered":"<p>CO2-publicaties HKS voelt zich verantwoordelijk voor haar energieverbruik en samenhangende CO2-emissie. Door het optimaliseren van bedrijfsprocessen streven we naar het maximaal recyclen van metalen om zodoende het benodigde energieverbruik en daarbij horende emissie van CO2 te minimaliseren. Hierbij hebben we aandacht voor sociale en milieu-aspecten wat wordt benadrukt door onze MVO-4 certificering. Ontdekken wat HKS [&hellip;]<\/p>\n","protected":false},"author":1,"featured_media":0,"parent":0,"menu_order":0,"comment_status":"closed","ping_status":"closed","template":"elementor_header_footer","meta":{"_acf_changed":false,"inline_featured_image":false,"_genesis_hide_title":false,"_genesis_hide_breadcrumbs":false,"_genesis_hide_singular_image":false,"_genesis_hide_footer_widgets":false,"_genesis_custom_body_class":"","_genesis_custom_post_class":"","_genesis_layout":"","footnotes":""},"class_list":{"0":"post-466","1":"page","2":"type-page","3":"status-publish","5":"entry"},"acf":[],"yoast_head":"<!-- This site is optimized with the Yoast SEO plugin v27.5 - https:\/\/yoast.com\/product\/yoast-seo-wordpress\/ -->\n<title>CO2 Publicaties - HKS - The Metal Company<\/title>\n<meta name=\"robots\" content=\"index, follow, max-snippet:-1, max-image-preview:large, max-video-preview:-1\" \/>\n<link rel=\"canonical\" href=\"https:\/\/www.hksmetals.eu\/fr\/co2-publicaties\/\" \/>\n<meta property=\"og:locale\" content=\"fr_FR\" \/>\n<meta property=\"og:type\" content=\"article\" \/>\n<meta property=\"og:title\" content=\"CO2 Publicaties - HKS - The Metal Company\" \/>\n<meta property=\"og:description\" content=\"CO2-publicaties HKS voelt zich verantwoordelijk voor haar energieverbruik en samenhangende CO2-emissie. Door het optimaliseren van bedrijfsprocessen streven we naar het maximaal recyclen van metalen om zodoende het benodigde energieverbruik en daarbij horende emissie van CO2 te minimaliseren. Hierbij hebben we aandacht voor sociale en milieu-aspecten wat wordt benadrukt door onze MVO-4 certificering. Ontdekken wat HKS [&hellip;]\" \/>\n<meta property=\"og:url\" content=\"https:\/\/www.hksmetals.eu\/fr\/co2-publicaties\/\" \/>\n<meta property=\"og:site_name\" content=\"HKS - The Metal Company\" \/>\n<meta property=\"article:modified_time\" content=\"2025-04-16T12:27:06+00:00\" \/>\n<meta name=\"twitter:card\" content=\"summary_large_image\" \/>\n<meta name=\"twitter:label1\" content=\"Dur\u00e9e de lecture estim\u00e9e\" \/>\n\t<meta name=\"twitter:data1\" content=\"1 minute\" \/>\n<script type=\"application\/ld+json\" class=\"yoast-schema-graph\">{\"@context\":\"https:\\\/\\\/schema.org\",\"@graph\":[{\"@type\":\"WebPage\",\"@id\":\"https:\\\/\\\/www.hksmetals.eu\\\/co2-publicaties\\\/\",\"url\":\"https:\\\/\\\/www.hksmetals.eu\\\/co2-publicaties\\\/\",\"name\":\"CO2 Publicaties - HKS - The Metal Company\",\"isPartOf\":{\"@id\":\"https:\\\/\\\/www.hksmetals.eu\\\/#website\"},\"datePublished\":\"2025-04-03T15:09:47+00:00\",\"dateModified\":\"2025-04-16T12:27:06+00:00\",\"breadcrumb\":{\"@id\":\"https:\\\/\\\/www.hksmetals.eu\\\/co2-publicaties\\\/#breadcrumb\"},\"inLanguage\":\"fr-FR\",\"potentialAction\":[{\"@type\":\"ReadAction\",\"target\":[\"https:\\\/\\\/www.hksmetals.eu\\\/co2-publicaties\\\/\"]}]},{\"@type\":\"BreadcrumbList\",\"@id\":\"https:\\\/\\\/www.hksmetals.eu\\\/co2-publicaties\\\/#breadcrumb\",\"itemListElement\":[{\"@type\":\"ListItem\",\"position\":1,\"name\":\"Home\",\"item\":\"https:\\\/\\\/www.hksmetals.eu\\\/\"},{\"@type\":\"ListItem\",\"position\":2,\"name\":\"CO2 Publicaties\"}]},{\"@type\":\"WebSite\",\"@id\":\"https:\\\/\\\/www.hksmetals.eu\\\/#website\",\"url\":\"https:\\\/\\\/www.hksmetals.eu\\\/\",\"name\":\"HKS - The Metal Company\",\"description\":\"\",\"publisher\":{\"@id\":\"https:\\\/\\\/www.hksmetals.eu\\\/#organization\"},\"potentialAction\":[{\"@type\":\"SearchAction\",\"target\":{\"@type\":\"EntryPoint\",\"urlTemplate\":\"https:\\\/\\\/www.hksmetals.eu\\\/?s={search_term_string}\"},\"query-input\":{\"@type\":\"PropertyValueSpecification\",\"valueRequired\":true,\"valueName\":\"search_term_string\"}}],\"inLanguage\":\"fr-FR\"},{\"@type\":\"Organization\",\"@id\":\"https:\\\/\\\/www.hksmetals.eu\\\/#organization\",\"name\":\"HKS - The Metal Company\",\"url\":\"https:\\\/\\\/www.hksmetals.eu\\\/\",\"logo\":{\"@type\":\"ImageObject\",\"inLanguage\":\"fr-FR\",\"@id\":\"https:\\\/\\\/www.hksmetals.eu\\\/#\\\/schema\\\/logo\\\/image\\\/\",\"url\":\"https:\\\/\\\/www.hksmetals.eu\\\/wp-content\\\/uploads\\\/2025\\\/03\\\/hks-logo-light.svg\",\"contentUrl\":\"https:\\\/\\\/www.hksmetals.eu\\\/wp-content\\\/uploads\\\/2025\\\/03\\\/hks-logo-light.svg\",\"width\":156,\"height\":50,\"caption\":\"HKS - The Metal Company\"},\"image\":{\"@id\":\"https:\\\/\\\/www.hksmetals.eu\\\/#\\\/schema\\\/logo\\\/image\\\/\"}}]}<\/script>\n<!-- \/ Yoast SEO plugin. -->","yoast_head_json":{"title":"CO2 Publicaties - HKS - The Metal Company","robots":{"index":"index","follow":"follow","max-snippet":"max-snippet:-1","max-image-preview":"max-image-preview:large","max-video-preview":"max-video-preview:-1"},"canonical":"https:\/\/www.hksmetals.eu\/fr\/co2-publicaties\/","og_locale":"fr_FR","og_type":"article","og_title":"CO2 Publicaties - HKS - The Metal Company","og_description":"CO2-publicaties HKS voelt zich verantwoordelijk voor haar energieverbruik en samenhangende CO2-emissie. Door het optimaliseren van bedrijfsprocessen streven we naar het maximaal recyclen van metalen om zodoende het benodigde energieverbruik en daarbij horende emissie van CO2 te minimaliseren. Hierbij hebben we aandacht voor sociale en milieu-aspecten wat wordt benadrukt door onze MVO-4 certificering. Ontdekken wat HKS [&hellip;]","og_url":"https:\/\/www.hksmetals.eu\/fr\/co2-publicaties\/","og_site_name":"HKS - The Metal Company","article_modified_time":"2025-04-16T12:27:06+00:00","twitter_card":"summary_large_image","twitter_misc":{"Dur\u00e9e de lecture estim\u00e9e":"1 minute"},"schema":{"@context":"https:\/\/schema.org","@graph":[{"@type":"WebPage","@id":"https:\/\/www.hksmetals.eu\/co2-publicaties\/","url":"https:\/\/www.hksmetals.eu\/co2-publicaties\/","name":"CO2 Publicaties - HKS - The Metal Company","isPartOf":{"@id":"https:\/\/www.hksmetals.eu\/#website"},"datePublished":"2025-04-03T15:09:47+00:00","dateModified":"2025-04-16T12:27:06+00:00","breadcrumb":{"@id":"https:\/\/www.hksmetals.eu\/co2-publicaties\/#breadcrumb"},"inLanguage":"fr-FR","potentialAction":[{"@type":"ReadAction","target":["https:\/\/www.hksmetals.eu\/co2-publicaties\/"]}]},{"@type":"BreadcrumbList","@id":"https:\/\/www.hksmetals.eu\/co2-publicaties\/#breadcrumb","itemListElement":[{"@type":"ListItem","position":1,"name":"Home","item":"https:\/\/www.hksmetals.eu\/"},{"@type":"ListItem","position":2,"name":"CO2 Publicaties"}]},{"@type":"WebSite","@id":"https:\/\/www.hksmetals.eu\/#website","url":"https:\/\/www.hksmetals.eu\/","name":"HKS - The Metal Company","description":"","publisher":{"@id":"https:\/\/www.hksmetals.eu\/#organization"},"potentialAction":[{"@type":"SearchAction","target":{"@type":"EntryPoint","urlTemplate":"https:\/\/www.hksmetals.eu\/?s={search_term_string}"},"query-input":{"@type":"PropertyValueSpecification","valueRequired":true,"valueName":"search_term_string"}}],"inLanguage":"fr-FR"},{"@type":"Organization","@id":"https:\/\/www.hksmetals.eu\/#organization","name":"HKS - The Metal Company","url":"https:\/\/www.hksmetals.eu\/","logo":{"@type":"ImageObject","inLanguage":"fr-FR","@id":"https:\/\/www.hksmetals.eu\/#\/schema\/logo\/image\/","url":"https:\/\/www.hksmetals.eu\/wp-content\/uploads\/2025\/03\/hks-logo-light.svg","contentUrl":"https:\/\/www.hksmetals.eu\/wp-content\/uploads\/2025\/03\/hks-logo-light.svg","width":156,"height":50,"caption":"HKS - The Metal Company"},"image":{"@id":"https:\/\/www.hksmetals.eu\/#\/schema\/logo\/image\/"}}]}},"_links":{"self":[{"href":"https:\/\/www.hksmetals.eu\/fr\/wp-json\/wp\/v2\/pages\/466","targetHints":{"allow":["GET"]}}],"collection":[{"href":"https:\/\/www.hksmetals.eu\/fr\/wp-json\/wp\/v2\/pages"}],"about":[{"href":"https:\/\/www.hksmetals.eu\/fr\/wp-json\/wp\/v2\/types\/page"}],"author":[{"embeddable":true,"href":"https:\/\/www.hksmetals.eu\/fr\/wp-json\/wp\/v2\/users\/1"}],"replies":[{"embeddable":true,"href":"https:\/\/www.hksmetals.eu\/fr\/wp-json\/wp\/v2\/comments?post=466"}],"version-history":[{"count":13,"href":"https:\/\/www.hksmetals.eu\/fr\/wp-json\/wp\/v2\/pages\/466\/revisions"}],"predecessor-version":[{"id":782,"href":"https:\/\/www.hksmetals.eu\/fr\/wp-json\/wp\/v2\/pages\/466\/revisions\/782"}],"wp:attachment":[{"href":"https:\/\/www.hksmetals.eu\/fr\/wp-json\/wp\/v2\/media?parent=466"}],"curies":[{"name":"wp","href":"https:\/\/api.w.org\/{rel}","templated":true}]}}