{"id":130,"date":"2025-03-31T13:13:00","date_gmt":"2025-03-31T13:13:00","guid":{"rendered":"https:\/\/hksmetals.eu\/?page_id=130"},"modified":"2025-08-19T10:26:50","modified_gmt":"2025-08-19T10:26:50","slug":"vernietiging","status":"publish","type":"page","link":"https:\/\/www.hksmetals.eu\/fr\/products-services\/vernietiging\/","title":{"rendered":"Destruction"},"content":{"rendered":"<div data-elementor-type=\"wp-page\" data-elementor-id=\"130\" class=\"elementor elementor-130\" data-elementor-post-type=\"page\">\n\t\t\t\t\t\t<section class=\"elementor-section elementor-top-section elementor-element elementor-element-6dca95d elementor-section-height-min-height elementor-section-items-top elementor-section-stretched elementor-section-boxed elementor-section-height-default\" data-id=\"6dca95d\" data-element_type=\"section\" data-e-type=\"section\" data-settings=\"{&quot;background_background&quot;:&quot;classic&quot;,&quot;stretch_section&quot;:&quot;section-stretched&quot;}\">\n\t\t\t\t\t\t<div class=\"elementor-container elementor-column-gap-default\">\n\t\t\t\t\t<div class=\"elementor-column elementor-col-100 elementor-top-column elementor-element elementor-element-0bc4866\" data-id=\"0bc4866\" data-element_type=\"column\" data-e-type=\"column\">\n\t\t\t<div class=\"elementor-widget-wrap\">\n\t\t\t\t\t\t\t<\/div>\n\t\t<\/div>\n\t\t\t\t\t<\/div>\n\t\t<\/section>\n\t\t\t\t<section class=\"elementor-section elementor-top-section elementor-element elementor-element-7f52dfc elementor-section-boxed elementor-section-height-default elementor-section-height-default\" data-id=\"7f52dfc\" data-element_type=\"section\" data-e-type=\"section\">\n\t\t\t\t\t\t<div class=\"elementor-container elementor-column-gap-default\">\n\t\t\t\t\t<div class=\"elementor-column elementor-col-100 elementor-top-column elementor-element elementor-element-df461f0\" data-id=\"df461f0\" data-element_type=\"column\" data-e-type=\"column\">\n\t\t\t<div class=\"elementor-widget-wrap elementor-element-populated\">\n\t\t\t\t\t\t<div class=\"elementor-element elementor-element-cab220d elementor-widget elementor-widget-heading\" data-id=\"cab220d\" data-element_type=\"widget\" data-e-type=\"widget\" data-widget_type=\"heading.default\">\n\t\t\t\t<div class=\"elementor-widget-container\">\n\t\t\t\t\t<h1 class=\"elementor-heading-title elementor-size-default\">Destruction\n<\/h1>\t\t\t\t<\/div>\n\t\t\t\t<\/div>\n\t\t\t\t<div class=\"elementor-element elementor-element-149e5c0 elementor-widget elementor-widget-text-editor\" data-id=\"149e5c0\" data-element_type=\"widget\" data-e-type=\"widget\" data-widget_type=\"text-editor.default\">\n\t\t\t\t<div class=\"elementor-widget-container\">\n\t\t\t\t\t\t\t\t\t<p>Certains documents doivent \u00eatre d\u00e9truits en toute s\u00e9curit\u00e9, mais surtout en toute discr\u00e9tion. Pensez aux informations commerciales sensibles ou \u00e0 la propri\u00e9t\u00e9 intellectuelle. Nous d\u00e9truisons ces mat\u00e9riaux selon vos souhaits et vos besoins, dans le respect de toutes les r\u00e9glementations applicables et avec les certificats appropri\u00e9s.<\/p>\t\t\t\t\t\t\t\t<\/div>\n\t\t\t\t<\/div>\n\t\t\t\t\t<\/div>\n\t\t<\/div>\n\t\t\t\t\t<\/div>\n\t\t<\/section>\n\t\t\t\t<section class=\"elementor-section elementor-top-section elementor-element elementor-element-535f0d6 elementor-section-stretched elementor-section-boxed elementor-section-height-default elementor-section-height-default\" data-id=\"535f0d6\" data-element_type=\"section\" data-e-type=\"section\" data-settings=\"{&quot;background_background&quot;:&quot;classic&quot;,&quot;stretch_section&quot;:&quot;section-stretched&quot;}\">\n\t\t\t\t\t\t<div class=\"elementor-container elementor-column-gap-default\">\n\t\t\t\t\t<div class=\"elementor-column elementor-col-100 elementor-top-column elementor-element elementor-element-0be40b5\" data-id=\"0be40b5\" data-element_type=\"column\" data-e-type=\"column\">\n\t\t\t<div class=\"elementor-widget-wrap elementor-element-populated\">\n\t\t\t\t\t\t<div class=\"elementor-element elementor-element-a13907f elementor-widget elementor-widget-heading\" data-id=\"a13907f\" data-element_type=\"widget\" data-e-type=\"widget\" data-widget_type=\"heading.default\">\n\t\t\t\t<div class=\"elementor-widget-container\">\n\t\t\t\t\t<h2 class=\"elementor-heading-title elementor-size-default\">Comment nous proc\u00e9dons<\/h2>\t\t\t\t<\/div>\n\t\t\t\t<\/div>\n\t\t\t\t<div class=\"elementor-element elementor-element-f5527a0 elementor-widget elementor-widget-text-editor\" data-id=\"f5527a0\" data-element_type=\"widget\" data-e-type=\"widget\" data-widget_type=\"text-editor.default\">\n\t\t\t\t<div class=\"elementor-widget-container\">\n\t\t\t\t\t\t\t\t\t<div class=\"columns\"><div class=\"column\"><img loading=\"lazy\" decoding=\"async\" class=\"alignnone wp-image-384 size-full\" src=\"https:\/\/www.hksmetals.eu\/wp-content\/uploads\/2025\/04\/Vernietiging.jpg\" alt=\"\" width=\"1056\" height=\"810\" srcset=\"https:\/\/www.hksmetals.eu\/wp-content\/uploads\/2025\/04\/Vernietiging.jpg 1056w, https:\/\/www.hksmetals.eu\/wp-content\/uploads\/2025\/04\/Vernietiging-300x230.jpg 300w, https:\/\/www.hksmetals.eu\/wp-content\/uploads\/2025\/04\/Vernietiging-1024x785.jpg 1024w, https:\/\/www.hksmetals.eu\/wp-content\/uploads\/2025\/04\/Vernietiging-768x589.jpg 768w\" sizes=\"auto, (max-width: 1056px) 100vw, 1056px\" \/><\/div><div class=\"column\"><h2>Destruction<\/h2><p>Nous sommes sp\u00e9cialis\u00e9s dans la destruction s\u00fbre et discr\u00e8te de supports de donn\u00e9es contenant des informations sensibles pour l'entreprise, et\/ou de la propri\u00e9t\u00e9 intellectuelle (PI) telle que des prototypes et des d\u00e9fauts de fabrication, ainsi que des biens confisqu\u00e9s. Ce mat\u00e9riel peut \u00eatre (partiellement) recycl\u00e9 ou compl\u00e8tement d\u00e9truit. Nous d\u00e9truisons ces mat\u00e9riaux en fonction de vos souhaits et de vos besoins. Bien entendu, nous veillons \u00e0 ce que cela se fasse dans le respect de toutes les r\u00e9glementations applicables et avec les certificats appropri\u00e9s.<\/p><\/div><\/div>\t\t\t\t\t\t\t\t<\/div>\n\t\t\t\t<\/div>\n\t\t\t\t\t<\/div>\n\t\t<\/div>\n\t\t\t\t\t<\/div>\n\t\t<\/section>\n\t\t\t\t<section class=\"elementor-section elementor-top-section elementor-element elementor-element-4fe708a elementor-section-boxed elementor-section-height-default elementor-section-height-default\" data-id=\"4fe708a\" data-element_type=\"section\" data-e-type=\"section\">\n\t\t\t\t\t\t<div class=\"elementor-container elementor-column-gap-default\">\n\t\t\t\t\t<div class=\"elementor-column elementor-col-100 elementor-top-column elementor-element elementor-element-9acd912\" data-id=\"9acd912\" data-element_type=\"column\" data-e-type=\"column\">\n\t\t\t<div class=\"elementor-widget-wrap elementor-element-populated\">\n\t\t\t\t\t\t<section class=\"elementor-section elementor-inner-section elementor-element elementor-element-96c25a8 elementor-section-boxed elementor-section-height-default elementor-section-height-default\" data-id=\"96c25a8\" data-element_type=\"section\" data-e-type=\"section\">\n\t\t\t\t\t\t<div class=\"elementor-container elementor-column-gap-default\">\n\t\t\t\t\t<div class=\"elementor-column elementor-col-33 elementor-inner-column elementor-element elementor-element-fb2fdfe\" data-id=\"fb2fdfe\" data-element_type=\"column\" data-e-type=\"column\">\n\t\t\t<div class=\"elementor-widget-wrap elementor-element-populated\">\n\t\t\t\t\t\t<div class=\"elementor-element elementor-element-9f195be elementor-flip-box--effect-fade elementor-widget elementor-widget-flip-box\" data-id=\"9f195be\" data-element_type=\"widget\" data-e-type=\"widget\" data-widget_type=\"flip-box.default\">\n\t\t\t\t<div class=\"elementor-widget-container\">\n\t\t\t\t\t\t\t<div class=\"elementor-flip-box\" tabindex=\"0\">\n\t\t\t<div class=\"elementor-flip-box__layer elementor-flip-box__front\">\n\t\t\t\t<div class=\"elementor-flip-box__layer__overlay\">\n\t\t\t\t\t<div class=\"elementor-flip-box__layer__inner\">\n\t\t\t\t\t\t\n\t\t\t\t\t\t\n\t\t\t\t\t\t\t\t\t\t\t<\/div>\n\t\t\t\t<\/div>\n\t\t\t<\/div>\n\t\t\t<a class=\"elementor-flip-box__layer elementor-flip-box__back\" href=\"https:\/\/www.hksmetals.eu\/fr\/products-services\/logistiek\/\">\n\t\t\t<div class=\"elementor-flip-box__layer__overlay\">\n\t\t\t\t<div class=\"elementor-flip-box__layer__inner\">\n\t\t\t\t\t\n\t\t\t\t\t\n\t\t\t\t\t\t\t\t\t\t\t<span class=\"elementor-flip-box__button elementor-button elementor-size-md\">\n\t\t\t\t\t\t\tVoir\t\t\t\t\t\t<\/span>\n\t\t\t\t\t\t\t\t<\/div>\n\t\t<\/div>\n\t\t<\/a>\n\t\t<\/div>\n\t\t\t\t\t\t<\/div>\n\t\t\t\t<\/div>\n\t\t\t\t<div class=\"elementor-element elementor-element-31e3aaa elementor-widget elementor-widget-heading\" data-id=\"31e3aaa\" data-element_type=\"widget\" data-e-type=\"widget\" data-widget_type=\"heading.default\">\n\t\t\t\t<div class=\"elementor-widget-container\">\n\t\t\t\t\t<h4 class=\"elementor-heading-title elementor-size-default\">Logistique<\/h4>\t\t\t\t<\/div>\n\t\t\t\t<\/div>\n\t\t\t\t<div class=\"elementor-element elementor-element-9a8da86 elementor-widget elementor-widget-text-editor\" data-id=\"9a8da86\" data-element_type=\"widget\" data-e-type=\"widget\" data-widget_type=\"text-editor.default\">\n\t\t\t\t<div class=\"elementor-widget-container\">\n\t\t\t\t\t\t\t\t\t<div class=\"page-header page__header page__header--grey-bg\" data-v-6c8c1df4=\"\" data-v-6740dce9=\"\"><div class=\"page-header__content\" data-v-6c8c1df4=\"\"><div class=\"page-header__content-wrap\" data-v-6c8c1df4=\"\"><div class=\"page-header__card\" data-v-6c8c1df4=\"\"><div class=\"page-header__desc t-div\" data-v-6c8c1df4=\"\"><div class=\"split-block__desc u-wysiwyg\" data-v-5e32b152=\"\"><div class=\"product-card__copy\" data-v-e57f72d4=\"\"><div class=\"product-card__desc\" data-v-e57f72d4=\"\"><div class=\"product-card__copy\" data-v-e57f72d4=\"\"><div class=\"product-card__desc\" data-v-e57f72d4=\"\"><p>Nous vous aidons volontiers \u00e0 r\u00e9fl\u00e9chir \u00e0 la collecte et au traitement des m\u00e9taux. Avec notre logistique...<\/p><\/div><\/div><\/div><\/div><\/div><\/div><\/div><\/div><\/div><\/div>\t\t\t\t\t\t\t\t<\/div>\n\t\t\t\t<\/div>\n\t\t\t\t\t<\/div>\n\t\t<\/div>\n\t\t\t\t<div class=\"elementor-column elementor-col-33 elementor-inner-column elementor-element elementor-element-9e51326\" data-id=\"9e51326\" data-element_type=\"column\" data-e-type=\"column\">\n\t\t\t<div class=\"elementor-widget-wrap elementor-element-populated\">\n\t\t\t\t\t\t<div class=\"elementor-element elementor-element-b14e0f1 elementor-flip-box--effect-fade elementor-widget elementor-widget-flip-box\" data-id=\"b14e0f1\" data-element_type=\"widget\" data-e-type=\"widget\" data-widget_type=\"flip-box.default\">\n\t\t\t\t<div class=\"elementor-widget-container\">\n\t\t\t\t\t\t\t<div class=\"elementor-flip-box\" tabindex=\"0\">\n\t\t\t<div class=\"elementor-flip-box__layer elementor-flip-box__front\">\n\t\t\t\t<div class=\"elementor-flip-box__layer__overlay\">\n\t\t\t\t\t<div class=\"elementor-flip-box__layer__inner\">\n\t\t\t\t\t\t\n\t\t\t\t\t\t\n\t\t\t\t\t\t\t\t\t\t\t<\/div>\n\t\t\t\t<\/div>\n\t\t\t<\/div>\n\t\t\t<a class=\"elementor-flip-box__layer elementor-flip-box__back\" href=\"https:\/\/www.hksmetals.eu\/fr\/products-services\/recycling\/\">\n\t\t\t<div class=\"elementor-flip-box__layer__overlay\">\n\t\t\t\t<div class=\"elementor-flip-box__layer__inner\">\n\t\t\t\t\t\n\t\t\t\t\t\n\t\t\t\t\t\t\t\t\t\t\t<span class=\"elementor-flip-box__button elementor-button elementor-size-md\">\n\t\t\t\t\t\t\tVoir\t\t\t\t\t\t<\/span>\n\t\t\t\t\t\t\t\t<\/div>\n\t\t<\/div>\n\t\t<\/a>\n\t\t<\/div>\n\t\t\t\t\t\t<\/div>\n\t\t\t\t<\/div>\n\t\t\t\t<div class=\"elementor-element elementor-element-9476f17 elementor-widget elementor-widget-heading\" data-id=\"9476f17\" data-element_type=\"widget\" data-e-type=\"widget\" data-widget_type=\"heading.default\">\n\t\t\t\t<div class=\"elementor-widget-container\">\n\t\t\t\t\t<h4 class=\"elementor-heading-title elementor-size-default\">Recyclage<\/h4>\t\t\t\t<\/div>\n\t\t\t\t<\/div>\n\t\t\t\t<div class=\"elementor-element elementor-element-fbf5b3b elementor-widget elementor-widget-text-editor\" data-id=\"fbf5b3b\" data-element_type=\"widget\" data-e-type=\"widget\" data-widget_type=\"text-editor.default\">\n\t\t\t\t<div class=\"elementor-widget-container\">\n\t\t\t\t\t\t\t\t\t<div class=\"page-header page__header page__header--grey-bg\" data-v-6c8c1df4=\"\" data-v-6740dce9=\"\"><div class=\"page-header__content\" data-v-6c8c1df4=\"\"><div class=\"page-header__content-wrap\" data-v-6c8c1df4=\"\"><div class=\"page-header__card\" data-v-6c8c1df4=\"\"><div class=\"page-header__desc t-div\" data-v-6c8c1df4=\"\"><div class=\"split-block__desc u-wysiwyg\" data-v-5e32b152=\"\"><div class=\"product-card__copy\" data-v-e57f72d4=\"\"><div class=\"product-card__desc\" data-v-e57f72d4=\"\"><p>Nous sommes sp\u00e9cialis\u00e9s dans le recyclage du fer et des m\u00e9taux, mais nous avons \u00e9galement des solutions pour d'autres...<\/p><\/div><\/div><\/div><\/div><\/div><\/div><\/div><\/div>\t\t\t\t\t\t\t\t<\/div>\n\t\t\t\t<\/div>\n\t\t\t\t\t<\/div>\n\t\t<\/div>\n\t\t\t\t<div class=\"elementor-column elementor-col-33 elementor-inner-column elementor-element elementor-element-217d1fe\" data-id=\"217d1fe\" data-element_type=\"column\" data-e-type=\"column\">\n\t\t\t<div class=\"elementor-widget-wrap elementor-element-populated\">\n\t\t\t\t\t\t<div class=\"elementor-element elementor-element-901a1fc elementor-flip-box--effect-fade elementor-widget elementor-widget-flip-box\" data-id=\"901a1fc\" data-element_type=\"widget\" data-e-type=\"widget\" data-widget_type=\"flip-box.default\">\n\t\t\t\t<div class=\"elementor-widget-container\">\n\t\t\t\t\t\t\t<div class=\"elementor-flip-box\" tabindex=\"0\">\n\t\t\t<div class=\"elementor-flip-box__layer elementor-flip-box__front\">\n\t\t\t\t<div class=\"elementor-flip-box__layer__overlay\">\n\t\t\t\t\t<div class=\"elementor-flip-box__layer__inner\">\n\t\t\t\t\t\t\n\t\t\t\t\t\t\n\t\t\t\t\t\t\t\t\t\t\t<\/div>\n\t\t\t\t<\/div>\n\t\t\t<\/div>\n\t\t\t<a class=\"elementor-flip-box__layer elementor-flip-box__back\" href=\"https:\/\/www.hksmetals.eu\/fr\/products-services\/totale-ontzorging\/\">\n\t\t\t<div class=\"elementor-flip-box__layer__overlay\">\n\t\t\t\t<div class=\"elementor-flip-box__layer__inner\">\n\t\t\t\t\t\n\t\t\t\t\t\n\t\t\t\t\t\t\t\t\t\t\t<span class=\"elementor-flip-box__button elementor-button elementor-size-md\">\n\t\t\t\t\t\t\tVoir\t\t\t\t\t\t<\/span>\n\t\t\t\t\t\t\t\t<\/div>\n\t\t<\/div>\n\t\t<\/a>\n\t\t<\/div>\n\t\t\t\t\t\t<\/div>\n\t\t\t\t<\/div>\n\t\t\t\t<div class=\"elementor-element elementor-element-282fd73 elementor-widget elementor-widget-heading\" data-id=\"282fd73\" data-element_type=\"widget\" data-e-type=\"widget\" data-widget_type=\"heading.default\">\n\t\t\t\t<div class=\"elementor-widget-container\">\n\t\t\t\t\t<h4 class=\"elementor-heading-title elementor-size-default\">Service complet<\/h4>\t\t\t\t<\/div>\n\t\t\t\t<\/div>\n\t\t\t\t<div class=\"elementor-element elementor-element-e53da4d elementor-widget elementor-widget-text-editor\" data-id=\"e53da4d\" data-element_type=\"widget\" data-e-type=\"widget\" data-widget_type=\"text-editor.default\">\n\t\t\t\t<div class=\"elementor-widget-container\">\n\t\t\t\t\t\t\t\t\t<p>Une solution globale sur mesure avec un service \u00e0 l'\u00e9chelle nationale, c'est ce que repr\u00e9sente HKS.<\/p>\t\t\t\t\t\t\t\t<\/div>\n\t\t\t\t<\/div>\n\t\t\t\t\t<\/div>\n\t\t<\/div>\n\t\t\t\t\t<\/div>\n\t\t<\/section>\n\t\t\t\t<section class=\"elementor-section elementor-inner-section elementor-element elementor-element-5139f67 elementor-section-boxed elementor-section-height-default elementor-section-height-default\" data-id=\"5139f67\" data-element_type=\"section\" data-e-type=\"section\">\n\t\t\t\t\t\t<div class=\"elementor-container elementor-column-gap-default\">\n\t\t\t\t\t<div class=\"elementor-column elementor-col-50 elementor-inner-column elementor-element elementor-element-b53699c\" data-id=\"b53699c\" data-element_type=\"column\" data-e-type=\"column\">\n\t\t\t<div class=\"elementor-widget-wrap\">\n\t\t\t\t\t\t\t<\/div>\n\t\t<\/div>\n\t\t\t\t<div class=\"elementor-column elementor-col-50 elementor-inner-column elementor-element elementor-element-de19d31\" data-id=\"de19d31\" data-element_type=\"column\" data-e-type=\"column\">\n\t\t\t<div class=\"elementor-widget-wrap\">\n\t\t\t\t\t\t\t<\/div>\n\t\t<\/div>\n\t\t\t\t\t<\/div>\n\t\t<\/section>\n\t\t\t\t\t<\/div>\n\t\t<\/div>\n\t\t\t\t\t<\/div>\n\t\t<\/section>\n\t\t\t\t<\/div>","protected":false},"excerpt":{"rendered":"<p>Vernietiging Er zijn materialen die veilig, maar vooral discreet vernietigd moeten worden. Denk hierbij aan bedrijfsgevoelige informatie of intellectueel eigendom. Wij vernietigen deze materialen overeenkomstig je wensen en behoeften, in overeenstemming met alle geldende voorschriften en voorzien van de juiste certificaten. Hoe wij het aanpakken Vernietiging Wij zijn gespecialiseerd in het veilig en discreet vernietigen [&hellip;]<\/p>\n","protected":false},"author":1,"featured_media":0,"parent":37,"menu_order":0,"comment_status":"closed","ping_status":"closed","template":"elementor_header_footer","meta":{"_acf_changed":false,"inline_featured_image":false,"_genesis_hide_title":false,"_genesis_hide_breadcrumbs":false,"_genesis_hide_singular_image":false,"_genesis_hide_footer_widgets":false,"_genesis_custom_body_class":"","_genesis_custom_post_class":"","_genesis_layout":"","footnotes":""},"class_list":{"0":"post-130","1":"page","2":"type-page","3":"status-publish","5":"entry"},"acf":[],"yoast_head":"<!-- This site is optimized with the Yoast SEO plugin v27.5 - https:\/\/yoast.com\/product\/yoast-seo-wordpress\/ -->\n<title>Vernietiging - HKS - The Metal Company<\/title>\n<meta name=\"robots\" content=\"index, follow, max-snippet:-1, max-image-preview:large, max-video-preview:-1\" \/>\n<link rel=\"canonical\" href=\"https:\/\/www.hksmetals.eu\/fr\/products-services\/vernietiging\/\" \/>\n<meta property=\"og:locale\" content=\"fr_FR\" \/>\n<meta property=\"og:type\" content=\"article\" \/>\n<meta property=\"og:title\" content=\"Vernietiging - HKS - The Metal Company\" \/>\n<meta property=\"og:description\" content=\"Vernietiging Er zijn materialen die veilig, maar vooral discreet vernietigd moeten worden. Denk hierbij aan bedrijfsgevoelige informatie of intellectueel eigendom. Wij vernietigen deze materialen overeenkomstig je wensen en behoeften, in overeenstemming met alle geldende voorschriften en voorzien van de juiste certificaten. Hoe wij het aanpakken Vernietiging Wij zijn gespecialiseerd in het veilig en discreet vernietigen [&hellip;]\" \/>\n<meta property=\"og:url\" content=\"https:\/\/www.hksmetals.eu\/fr\/products-services\/vernietiging\/\" \/>\n<meta property=\"og:site_name\" content=\"HKS - The Metal Company\" \/>\n<meta property=\"article:modified_time\" content=\"2025-08-19T10:26:50+00:00\" \/>\n<meta property=\"og:image\" content=\"https:\/\/hksmetals.eu\/wp-content\/uploads\/2025\/04\/Vernietiging.jpg\" \/>\n<meta name=\"twitter:card\" content=\"summary_large_image\" \/>\n<meta name=\"twitter:label1\" content=\"Dur\u00e9e de lecture estim\u00e9e\" \/>\n\t<meta name=\"twitter:data1\" content=\"1 minute\" \/>\n<script type=\"application\/ld+json\" class=\"yoast-schema-graph\">{\"@context\":\"https:\\\/\\\/schema.org\",\"@graph\":[{\"@type\":\"WebPage\",\"@id\":\"https:\\\/\\\/www.hksmetals.eu\\\/products-services\\\/vernietiging\\\/\",\"url\":\"https:\\\/\\\/www.hksmetals.eu\\\/products-services\\\/vernietiging\\\/\",\"name\":\"Vernietiging - HKS - The Metal Company\",\"isPartOf\":{\"@id\":\"https:\\\/\\\/www.hksmetals.eu\\\/#website\"},\"primaryImageOfPage\":{\"@id\":\"https:\\\/\\\/www.hksmetals.eu\\\/products-services\\\/vernietiging\\\/#primaryimage\"},\"image\":{\"@id\":\"https:\\\/\\\/www.hksmetals.eu\\\/products-services\\\/vernietiging\\\/#primaryimage\"},\"thumbnailUrl\":\"https:\\\/\\\/hksmetals.eu\\\/wp-content\\\/uploads\\\/2025\\\/04\\\/Vernietiging.jpg\",\"datePublished\":\"2025-03-31T13:13:00+00:00\",\"dateModified\":\"2025-08-19T10:26:50+00:00\",\"breadcrumb\":{\"@id\":\"https:\\\/\\\/www.hksmetals.eu\\\/products-services\\\/vernietiging\\\/#breadcrumb\"},\"inLanguage\":\"fr-FR\",\"potentialAction\":[{\"@type\":\"ReadAction\",\"target\":[\"https:\\\/\\\/www.hksmetals.eu\\\/products-services\\\/vernietiging\\\/\"]}]},{\"@type\":\"ImageObject\",\"inLanguage\":\"fr-FR\",\"@id\":\"https:\\\/\\\/www.hksmetals.eu\\\/products-services\\\/vernietiging\\\/#primaryimage\",\"url\":\"https:\\\/\\\/hksmetals.eu\\\/wp-content\\\/uploads\\\/2025\\\/04\\\/Vernietiging.jpg\",\"contentUrl\":\"https:\\\/\\\/hksmetals.eu\\\/wp-content\\\/uploads\\\/2025\\\/04\\\/Vernietiging.jpg\"},{\"@type\":\"BreadcrumbList\",\"@id\":\"https:\\\/\\\/www.hksmetals.eu\\\/products-services\\\/vernietiging\\\/#breadcrumb\",\"itemListElement\":[{\"@type\":\"ListItem\",\"position\":1,\"name\":\"Home\",\"item\":\"https:\\\/\\\/www.hksmetals.eu\\\/\"},{\"@type\":\"ListItem\",\"position\":2,\"name\":\"Producten &amp; diensten\",\"item\":\"https:\\\/\\\/www.hksmetals.eu\\\/products-services\\\/\"},{\"@type\":\"ListItem\",\"position\":3,\"name\":\"Vernietiging\"}]},{\"@type\":\"WebSite\",\"@id\":\"https:\\\/\\\/www.hksmetals.eu\\\/#website\",\"url\":\"https:\\\/\\\/www.hksmetals.eu\\\/\",\"name\":\"HKS - The Metal Company\",\"description\":\"\",\"publisher\":{\"@id\":\"https:\\\/\\\/www.hksmetals.eu\\\/#organization\"},\"potentialAction\":[{\"@type\":\"SearchAction\",\"target\":{\"@type\":\"EntryPoint\",\"urlTemplate\":\"https:\\\/\\\/www.hksmetals.eu\\\/?s={search_term_string}\"},\"query-input\":{\"@type\":\"PropertyValueSpecification\",\"valueRequired\":true,\"valueName\":\"search_term_string\"}}],\"inLanguage\":\"fr-FR\"},{\"@type\":\"Organization\",\"@id\":\"https:\\\/\\\/www.hksmetals.eu\\\/#organization\",\"name\":\"HKS - The Metal Company\",\"url\":\"https:\\\/\\\/www.hksmetals.eu\\\/\",\"logo\":{\"@type\":\"ImageObject\",\"inLanguage\":\"fr-FR\",\"@id\":\"https:\\\/\\\/www.hksmetals.eu\\\/#\\\/schema\\\/logo\\\/image\\\/\",\"url\":\"https:\\\/\\\/www.hksmetals.eu\\\/wp-content\\\/uploads\\\/2025\\\/03\\\/hks-logo-light.svg\",\"contentUrl\":\"https:\\\/\\\/www.hksmetals.eu\\\/wp-content\\\/uploads\\\/2025\\\/03\\\/hks-logo-light.svg\",\"width\":156,\"height\":50,\"caption\":\"HKS - The Metal Company\"},\"image\":{\"@id\":\"https:\\\/\\\/www.hksmetals.eu\\\/#\\\/schema\\\/logo\\\/image\\\/\"}}]}<\/script>\n<!-- \/ Yoast SEO plugin. -->","yoast_head_json":{"title":"Vernietiging - HKS - The Metal Company","robots":{"index":"index","follow":"follow","max-snippet":"max-snippet:-1","max-image-preview":"max-image-preview:large","max-video-preview":"max-video-preview:-1"},"canonical":"https:\/\/www.hksmetals.eu\/fr\/products-services\/vernietiging\/","og_locale":"fr_FR","og_type":"article","og_title":"Vernietiging - HKS - The Metal Company","og_description":"Vernietiging Er zijn materialen die veilig, maar vooral discreet vernietigd moeten worden. Denk hierbij aan bedrijfsgevoelige informatie of intellectueel eigendom. Wij vernietigen deze materialen overeenkomstig je wensen en behoeften, in overeenstemming met alle geldende voorschriften en voorzien van de juiste certificaten. Hoe wij het aanpakken Vernietiging Wij zijn gespecialiseerd in het veilig en discreet vernietigen [&hellip;]","og_url":"https:\/\/www.hksmetals.eu\/fr\/products-services\/vernietiging\/","og_site_name":"HKS - The Metal Company","article_modified_time":"2025-08-19T10:26:50+00:00","og_image":[{"url":"https:\/\/hksmetals.eu\/wp-content\/uploads\/2025\/04\/Vernietiging.jpg","type":"","width":"","height":""}],"twitter_card":"summary_large_image","twitter_misc":{"Dur\u00e9e de lecture estim\u00e9e":"1 minute"},"schema":{"@context":"https:\/\/schema.org","@graph":[{"@type":"WebPage","@id":"https:\/\/www.hksmetals.eu\/products-services\/vernietiging\/","url":"https:\/\/www.hksmetals.eu\/products-services\/vernietiging\/","name":"Vernietiging - HKS - The Metal Company","isPartOf":{"@id":"https:\/\/www.hksmetals.eu\/#website"},"primaryImageOfPage":{"@id":"https:\/\/www.hksmetals.eu\/products-services\/vernietiging\/#primaryimage"},"image":{"@id":"https:\/\/www.hksmetals.eu\/products-services\/vernietiging\/#primaryimage"},"thumbnailUrl":"https:\/\/hksmetals.eu\/wp-content\/uploads\/2025\/04\/Vernietiging.jpg","datePublished":"2025-03-31T13:13:00+00:00","dateModified":"2025-08-19T10:26:50+00:00","breadcrumb":{"@id":"https:\/\/www.hksmetals.eu\/products-services\/vernietiging\/#breadcrumb"},"inLanguage":"fr-FR","potentialAction":[{"@type":"ReadAction","target":["https:\/\/www.hksmetals.eu\/products-services\/vernietiging\/"]}]},{"@type":"ImageObject","inLanguage":"fr-FR","@id":"https:\/\/www.hksmetals.eu\/products-services\/vernietiging\/#primaryimage","url":"https:\/\/hksmetals.eu\/wp-content\/uploads\/2025\/04\/Vernietiging.jpg","contentUrl":"https:\/\/hksmetals.eu\/wp-content\/uploads\/2025\/04\/Vernietiging.jpg"},{"@type":"BreadcrumbList","@id":"https:\/\/www.hksmetals.eu\/products-services\/vernietiging\/#breadcrumb","itemListElement":[{"@type":"ListItem","position":1,"name":"Home","item":"https:\/\/www.hksmetals.eu\/"},{"@type":"ListItem","position":2,"name":"Producten &amp; diensten","item":"https:\/\/www.hksmetals.eu\/products-services\/"},{"@type":"ListItem","position":3,"name":"Vernietiging"}]},{"@type":"WebSite","@id":"https:\/\/www.hksmetals.eu\/#website","url":"https:\/\/www.hksmetals.eu\/","name":"HKS - The Metal Company","description":"","publisher":{"@id":"https:\/\/www.hksmetals.eu\/#organization"},"potentialAction":[{"@type":"SearchAction","target":{"@type":"EntryPoint","urlTemplate":"https:\/\/www.hksmetals.eu\/?s={search_term_string}"},"query-input":{"@type":"PropertyValueSpecification","valueRequired":true,"valueName":"search_term_string"}}],"inLanguage":"fr-FR"},{"@type":"Organization","@id":"https:\/\/www.hksmetals.eu\/#organization","name":"HKS - The Metal Company","url":"https:\/\/www.hksmetals.eu\/","logo":{"@type":"ImageObject","inLanguage":"fr-FR","@id":"https:\/\/www.hksmetals.eu\/#\/schema\/logo\/image\/","url":"https:\/\/www.hksmetals.eu\/wp-content\/uploads\/2025\/03\/hks-logo-light.svg","contentUrl":"https:\/\/www.hksmetals.eu\/wp-content\/uploads\/2025\/03\/hks-logo-light.svg","width":156,"height":50,"caption":"HKS - The Metal Company"},"image":{"@id":"https:\/\/www.hksmetals.eu\/#\/schema\/logo\/image\/"}}]}},"_links":{"self":[{"href":"https:\/\/www.hksmetals.eu\/fr\/wp-json\/wp\/v2\/pages\/130","targetHints":{"allow":["GET"]}}],"collection":[{"href":"https:\/\/www.hksmetals.eu\/fr\/wp-json\/wp\/v2\/pages"}],"about":[{"href":"https:\/\/www.hksmetals.eu\/fr\/wp-json\/wp\/v2\/types\/page"}],"author":[{"embeddable":true,"href":"https:\/\/www.hksmetals.eu\/fr\/wp-json\/wp\/v2\/users\/1"}],"replies":[{"embeddable":true,"href":"https:\/\/www.hksmetals.eu\/fr\/wp-json\/wp\/v2\/comments?post=130"}],"version-history":[{"count":13,"href":"https:\/\/www.hksmetals.eu\/fr\/wp-json\/wp\/v2\/pages\/130\/revisions"}],"predecessor-version":[{"id":1397,"href":"https:\/\/www.hksmetals.eu\/fr\/wp-json\/wp\/v2\/pages\/130\/revisions\/1397"}],"up":[{"embeddable":true,"href":"https:\/\/www.hksmetals.eu\/fr\/wp-json\/wp\/v2\/pages\/37"}],"wp:attachment":[{"href":"https:\/\/www.hksmetals.eu\/fr\/wp-json\/wp\/v2\/media?parent=130"}],"curies":[{"name":"wp","href":"https:\/\/api.w.org\/{rel}","templated":true}]}}