{"id":464,"date":"2025-04-03T15:09:28","date_gmt":"2025-04-03T15:09:28","guid":{"rendered":"https:\/\/hksmetals.eu\/?page_id=464"},"modified":"2026-01-08T10:47:03","modified_gmt":"2026-01-08T10:47:03","slug":"certificeringen","status":"publish","type":"page","link":"https:\/\/www.hksmetals.eu\/de\/certificeringen\/","title":{"rendered":"Zertifizierungen"},"content":{"rendered":"<div data-elementor-type=\"wp-page\" data-elementor-id=\"464\" class=\"elementor elementor-464\" data-elementor-post-type=\"page\">\n\t\t\t\t\t\t<section class=\"elementor-section elementor-top-section elementor-element elementor-element-7a25ef7 elementor-section-full_width elementor-section-height-min-height elementor-section-stretched elementor-section-height-default elementor-section-items-middle\" data-id=\"7a25ef7\" data-element_type=\"section\" data-e-type=\"section\" data-settings=\"{&quot;stretch_section&quot;:&quot;section-stretched&quot;,&quot;background_background&quot;:&quot;classic&quot;}\">\n\t\t\t\t\t\t<div class=\"elementor-container elementor-column-gap-default\">\n\t\t\t\t\t<div class=\"elementor-column elementor-col-100 elementor-top-column elementor-element elementor-element-2210981\" data-id=\"2210981\" data-element_type=\"column\" data-e-type=\"column\">\n\t\t\t<div class=\"elementor-widget-wrap\">\n\t\t\t\t\t\t\t<\/div>\n\t\t<\/div>\n\t\t\t\t\t<\/div>\n\t\t<\/section>\n\t\t\t\t<section class=\"elementor-section elementor-top-section elementor-element elementor-element-2435410 elementor-section-stretched elementor-section-boxed elementor-section-height-default elementor-section-height-default\" data-id=\"2435410\" data-element_type=\"section\" data-e-type=\"section\" data-settings=\"{&quot;stretch_section&quot;:&quot;section-stretched&quot;,&quot;background_background&quot;:&quot;classic&quot;}\">\n\t\t\t\t\t\t<div class=\"elementor-container elementor-column-gap-default\">\n\t\t\t\t\t<div class=\"elementor-column elementor-col-100 elementor-top-column elementor-element elementor-element-d24c66e\" data-id=\"d24c66e\" data-element_type=\"column\" data-e-type=\"column\">\n\t\t\t<div class=\"elementor-widget-wrap elementor-element-populated\">\n\t\t\t\t\t\t<section class=\"elementor-section elementor-inner-section elementor-element elementor-element-196817d elementor-section-boxed elementor-section-height-default elementor-section-height-default\" data-id=\"196817d\" data-element_type=\"section\" data-e-type=\"section\">\n\t\t\t\t\t\t<div class=\"elementor-container elementor-column-gap-default\">\n\t\t\t\t\t<div class=\"elementor-column elementor-col-50 elementor-inner-column elementor-element elementor-element-8f7b948\" data-id=\"8f7b948\" data-element_type=\"column\" data-e-type=\"column\" data-settings=\"{&quot;background_background&quot;:&quot;classic&quot;}\">\n\t\t\t<div class=\"elementor-widget-wrap elementor-element-populated\">\n\t\t\t\t\t\t<div class=\"elementor-element elementor-element-f9e8eed elementor-widget elementor-widget-heading\" data-id=\"f9e8eed\" data-element_type=\"widget\" data-e-type=\"widget\" data-widget_type=\"heading.default\">\n\t\t\t\t<div class=\"elementor-widget-container\">\n\t\t\t\t\t<h1 class=\"elementor-heading-title elementor-size-default\">Zertifizierungen<\/h1>\t\t\t\t<\/div>\n\t\t\t\t<\/div>\n\t\t\t\t<div class=\"elementor-element elementor-element-4cb6753 elementor-widget elementor-widget-text-editor\" data-id=\"4cb6753\" data-element_type=\"widget\" data-e-type=\"widget\" data-widget_type=\"text-editor.default\">\n\t\t\t\t<div class=\"elementor-widget-container\">\n\t\t\t\t\t\t\t\t\t<p>HKS Metals verf\u00fcgt \u00fcber zahlreiche Zertifikate, die belegen, dass das Unternehmen die festgelegten Anforderungen der Norm erf\u00fcllt. Es gibt viele Arten von Normen, f\u00fcr die man sich zertifizieren lassen kann. Die Beherrschung wird nachgewiesen.\u00a0<\/p>\t\t\t\t\t\t\t\t<\/div>\n\t\t\t\t<\/div>\n\t\t\t\t\t<\/div>\n\t\t<\/div>\n\t\t\t\t<div class=\"elementor-column elementor-col-50 elementor-inner-column elementor-element elementor-element-5e68725\" data-id=\"5e68725\" data-element_type=\"column\" data-e-type=\"column\">\n\t\t\t<div class=\"elementor-widget-wrap\">\n\t\t\t\t\t\t\t<\/div>\n\t\t<\/div>\n\t\t\t\t\t<\/div>\n\t\t<\/section>\n\t\t\t\t<div class=\"elementor-element elementor-element-f8c842b elementor-widget elementor-widget-heading\" data-id=\"f8c842b\" data-element_type=\"widget\" data-e-type=\"widget\" data-widget_type=\"heading.default\">\n\t\t\t\t<div class=\"elementor-widget-container\">\n\t\t\t\t\t<h2 class=\"elementor-heading-title elementor-size-default\">Nachhaltig denken und handeln\n<\/h2>\t\t\t\t<\/div>\n\t\t\t\t<\/div>\n\t\t\t\t<div class=\"elementor-element elementor-element-2a6a351 elementor-widget elementor-widget-text-editor\" data-id=\"2a6a351\" data-element_type=\"widget\" data-e-type=\"widget\" data-widget_type=\"text-editor.default\">\n\t\t\t\t<div class=\"elementor-widget-container\">\n\t\t\t\t\t\t\t\t\t<p><a href=\"https:\/\/www.hksmetals.eu\/wp-content\/uploads\/2025\/09\/8052-37-ISO-14001-Certificaat-HKS-Scrap-Metals-B.V.PDF.pdf\" target=\"_blank\" rel=\"noopener\">ISO 14001<\/a><br \/><a href=\"https:\/\/www.hksmetals.eu\/wp-content\/uploads\/2025\/09\/8052-37-ISO-9001-Certificaat-HKS-Scrap-Metals-B.V.PDF.pdf\" target=\"_blank\" rel=\"noopener\">ISO 9001<\/a><br \/><a href=\"https:\/\/www.hksmetals.eu\/wp-content\/uploads\/2025\/11\/CertWBX-FPD-NIJM-111220262025.pdf\" target=\"_blank\" rel=\"noopener\">WEEELABEX-Zertifikat Nijmegen FPD<\/a><br \/><a href=\"https:\/\/www.hksmetals.eu\/wp-content\/uploads\/2025\/04\/certwbx-lha-sha-nijm-14062026-1.pdf\" target=\"_blank\" rel=\"noopener\">WEEELABEX-Zertifikat Nijmegen LHA SHA<\/a><br \/><a href=\"https:\/\/www.hksmetals.eu\/wp-content\/uploads\/2025\/04\/wbx-cert.pdf\" target=\"_blank\" rel=\"noopener\">WEEELABEX-Zertifikat Zwartsluis CFA<\/a><br \/><a href=\"https:\/\/www.hksmetals.eu\/wp-content\/uploads\/2025\/09\/WBX-cert.ZWS-LHA-150720272025.pdf\" target=\"_blank\" rel=\"noopener\">WEEELABEX-Zertifikat Zwartsluis LHA<\/a><br \/><a href=\"https:\/\/www.hksmetals.eu\/wp-content\/uploads\/2025\/09\/WBX-cert.ZWS-SHA-040820262025.pdf\" target=\"_blank\" rel=\"noopener\">WEEELABEX-Zertifikat Zwartsluis SHA<\/a><br \/><a href=\"https:\/\/www.hksmetals.eu\/wp-content\/uploads\/2025\/09\/Weeelabex-AMS-LHA.pdf\" target=\"_blank\" rel=\"noopener\">WEEELABEX-Zertifikat Amsterdam LHA<\/a><br \/><a href=\"https:\/\/www.hksmetals.eu\/wp-content\/uploads\/2025\/09\/24-0024s-certificate.pdf\" target=\"_blank\" rel=\"noopener\">WEEELABEX-Zertifikat Amsterdam SHA<\/a><br \/><a href=\"https:\/\/www.hksmetals.eu\/wp-content\/uploads\/2025\/09\/WBX-cert.-GEEL-SHA-01062027.pdf\" target=\"_blank\" rel=\"noopener\">WEEELABEX-Zertifikat Geel (BE) SHA<\/a><br \/><a href=\"https:\/\/www.hksmetals.eu\/wp-content\/uploads\/2025\/04\/mrf-certificaat-hks-amsterdam.pdf\" target=\"_blank\" rel=\"noopener\">MRF-Zertifikat 2023 Amsterdam<\/a><br \/><a href=\"https:\/\/www.hksmetals.eu\/wp-content\/uploads\/2025\/04\/mrf-certificaat-hks-amersfoort.pdf\" target=\"_blank\" rel=\"noopener\">MRF-Zertifikat 2023 Amersfoort<\/a><br \/><a href=\"https:\/\/www.hksmetals.eu\/wp-content\/uploads\/2025\/04\/mrf-certificaat-hks-eindhoven.pdf\" target=\"_blank\" rel=\"noopener\">MRF-Zertifikat 2023 Eindhoven<\/a><br \/><a href=\"https:\/\/www.hksmetals.eu\/wp-content\/uploads\/2025\/04\/mrf-certificaat-hks-hengelo.pdf\" target=\"_blank\" rel=\"noopener\">MRF-Zertifikat 2023 Hengelo<\/a><br \/><a href=\"https:\/\/www.hksmetals.eu\/wp-content\/uploads\/2025\/04\/mrf-certificaat-hks-zwartsluis.pdf\" target=\"_blank\" rel=\"noopener\">MRF-Zertifikat 2023 Zwartsluis<\/a><br \/><a href=\"https:\/\/www.hksmetals.eu\/wp-content\/uploads\/2025\/04\/mrf-certificaat-hks-moerdijk.pdf\" target=\"_blank\" rel=\"noopener\">MRF-Zertifikat 2023 Moerdijk<\/a><br \/><a href=\"https:\/\/www.hksmetals.eu\/wp-content\/uploads\/2025\/04\/mrf-certifcaat-hks-middelburg.pdf\" target=\"_blank\" rel=\"noopener\">MRF-Zertifikat 2023 Middelburg<\/a><br \/><a href=\"https:\/\/www.hksmetals.eu\/wp-content\/uploads\/2025\/04\/mrf-certificaat-hks-nijmegen.pdf\" target=\"_blank\" rel=\"noopener\">MRF-Zertifikat 2023 Nijmegen<\/a><br \/><a href=\"https:\/\/www.hksmetals.eu\/wp-content\/uploads\/2025\/04\/mrf-certificaat-hks-tiel.pdf\" target=\"_blank\" rel=\"noopener\">MRF-Zertifikat 2023 Tiel<\/a><br \/><a href=\"https:\/\/www.hksmetals.eu\/wp-content\/uploads\/2026\/01\/HKS-Altauto-Amsterdam_2025.pdf\" target=\"_blank\" rel=\"noopener\">Zertifikat Altfahrzeug Amsterdam 2026<\/a><br \/><a href=\"https:\/\/www.hksmetals.eu\/wp-content\/uploads\/2026\/01\/HKS-ALtauto-Geel_2025.pdf\" target=\"_blank\" rel=\"noopener\">Zertifikat Altfahrzeug Geel 2026<\/a><br \/><a href=\"https:\/\/www.hksmetals.eu\/wp-content\/uploads\/2026\/01\/HKS-Altauto-Nijmegen_2025.pdf\" target=\"_blank\" rel=\"noopener\">Zertifikat Altfahrzeug Nijmegen 2026<\/a><br \/><a href=\"https:\/\/www.hksmetals.eu\/wp-content\/uploads\/2026\/01\/HKS-Altauto-Zwartsluis_2025.pdf\" target=\"_blank\" rel=\"noopener\">Zertifikat Altfahrzeug Zwartsluis 2026<\/a><br \/><a href=\"https:\/\/www.hksmetals.eu\/wp-content\/uploads\/2026\/01\/Certificaat-CERT-001294-TN-MVO-Prestatieladder_-NL-NL1.pdf\" target=\"_blank\" rel=\"noopener\">CSR-Leistungsleiter Stufe 4<\/a><\/p>\t\t\t\t\t\t\t\t<\/div>\n\t\t\t\t<\/div>\n\t\t\t\t\t<\/div>\n\t\t<\/div>\n\t\t\t\t\t<\/div>\n\t\t<\/section>\n\t\t\t\t<\/div>","protected":false},"excerpt":{"rendered":"<p>Certificeringen HKS Metals is in bezit van vele certificaten die aantoonbaar maken dat zij voldoet aan de gestelde eisen van de norm. Er zijn vele soorten normen waarvoor men zich kan laten certificeren. De beheersing is aangetoond.\u00a0 Duurzaam denken en doen ISO 14001ISO 9001WEEELABEX certificaat Nijmegen FPDWEEELABEX certificaat Nijmegen LHA SHAWEEELABEX certificaat Zwartsluis CFAWEEELABEX certificaat [&hellip;]<\/p>\n","protected":false},"author":1,"featured_media":0,"parent":0,"menu_order":0,"comment_status":"closed","ping_status":"closed","template":"elementor_header_footer","meta":{"_acf_changed":false,"inline_featured_image":false,"_genesis_hide_title":false,"_genesis_hide_breadcrumbs":false,"_genesis_hide_singular_image":false,"_genesis_hide_footer_widgets":false,"_genesis_custom_body_class":"","_genesis_custom_post_class":"","_genesis_layout":"","footnotes":""},"class_list":{"0":"post-464","1":"page","2":"type-page","3":"status-publish","5":"entry"},"acf":[],"yoast_head":"<!-- This site is optimized with the Yoast SEO plugin v27.5 - https:\/\/yoast.com\/product\/yoast-seo-wordpress\/ -->\n<title>Certificeringen - HKS - The Metal Company<\/title>\n<meta name=\"robots\" content=\"index, follow, max-snippet:-1, max-image-preview:large, max-video-preview:-1\" \/>\n<link rel=\"canonical\" href=\"https:\/\/www.hksmetals.eu\/de\/certificeringen\/\" \/>\n<meta property=\"og:locale\" content=\"de_DE\" \/>\n<meta property=\"og:type\" content=\"article\" \/>\n<meta property=\"og:title\" content=\"Certificeringen - HKS - The Metal Company\" \/>\n<meta property=\"og:description\" content=\"Certificeringen HKS Metals is in bezit van vele certificaten die aantoonbaar maken dat zij voldoet aan de gestelde eisen van de norm. Er zijn vele soorten normen waarvoor men zich kan laten certificeren. De beheersing is aangetoond.\u00a0 Duurzaam denken en doen ISO 14001ISO 9001WEEELABEX certificaat Nijmegen FPDWEEELABEX certificaat Nijmegen LHA SHAWEEELABEX certificaat Zwartsluis CFAWEEELABEX certificaat [&hellip;]\" \/>\n<meta property=\"og:url\" content=\"https:\/\/www.hksmetals.eu\/de\/certificeringen\/\" \/>\n<meta property=\"og:site_name\" content=\"HKS - The Metal Company\" \/>\n<meta property=\"article:modified_time\" content=\"2026-01-08T10:47:03+00:00\" \/>\n<meta name=\"twitter:card\" content=\"summary_large_image\" \/>\n<meta name=\"twitter:label1\" content=\"Gesch\u00e4tzte Lesezeit\" \/>\n\t<meta name=\"twitter:data1\" content=\"1\u00a0Minute\" \/>\n<script type=\"application\/ld+json\" class=\"yoast-schema-graph\">{\"@context\":\"https:\\\/\\\/schema.org\",\"@graph\":[{\"@type\":\"WebPage\",\"@id\":\"https:\\\/\\\/www.hksmetals.eu\\\/certificeringen\\\/\",\"url\":\"https:\\\/\\\/www.hksmetals.eu\\\/certificeringen\\\/\",\"name\":\"Certificeringen - HKS - The Metal Company\",\"isPartOf\":{\"@id\":\"https:\\\/\\\/www.hksmetals.eu\\\/#website\"},\"datePublished\":\"2025-04-03T15:09:28+00:00\",\"dateModified\":\"2026-01-08T10:47:03+00:00\",\"breadcrumb\":{\"@id\":\"https:\\\/\\\/www.hksmetals.eu\\\/certificeringen\\\/#breadcrumb\"},\"inLanguage\":\"de\",\"potentialAction\":[{\"@type\":\"ReadAction\",\"target\":[\"https:\\\/\\\/www.hksmetals.eu\\\/certificeringen\\\/\"]}]},{\"@type\":\"BreadcrumbList\",\"@id\":\"https:\\\/\\\/www.hksmetals.eu\\\/certificeringen\\\/#breadcrumb\",\"itemListElement\":[{\"@type\":\"ListItem\",\"position\":1,\"name\":\"Home\",\"item\":\"https:\\\/\\\/www.hksmetals.eu\\\/\"},{\"@type\":\"ListItem\",\"position\":2,\"name\":\"Certificeringen\"}]},{\"@type\":\"WebSite\",\"@id\":\"https:\\\/\\\/www.hksmetals.eu\\\/#website\",\"url\":\"https:\\\/\\\/www.hksmetals.eu\\\/\",\"name\":\"HKS - The Metal Company\",\"description\":\"\",\"publisher\":{\"@id\":\"https:\\\/\\\/www.hksmetals.eu\\\/#organization\"},\"potentialAction\":[{\"@type\":\"SearchAction\",\"target\":{\"@type\":\"EntryPoint\",\"urlTemplate\":\"https:\\\/\\\/www.hksmetals.eu\\\/?s={search_term_string}\"},\"query-input\":{\"@type\":\"PropertyValueSpecification\",\"valueRequired\":true,\"valueName\":\"search_term_string\"}}],\"inLanguage\":\"de\"},{\"@type\":\"Organization\",\"@id\":\"https:\\\/\\\/www.hksmetals.eu\\\/#organization\",\"name\":\"HKS - The Metal Company\",\"url\":\"https:\\\/\\\/www.hksmetals.eu\\\/\",\"logo\":{\"@type\":\"ImageObject\",\"inLanguage\":\"de\",\"@id\":\"https:\\\/\\\/www.hksmetals.eu\\\/#\\\/schema\\\/logo\\\/image\\\/\",\"url\":\"https:\\\/\\\/www.hksmetals.eu\\\/wp-content\\\/uploads\\\/2025\\\/03\\\/hks-logo-light.svg\",\"contentUrl\":\"https:\\\/\\\/www.hksmetals.eu\\\/wp-content\\\/uploads\\\/2025\\\/03\\\/hks-logo-light.svg\",\"width\":156,\"height\":50,\"caption\":\"HKS - The Metal Company\"},\"image\":{\"@id\":\"https:\\\/\\\/www.hksmetals.eu\\\/#\\\/schema\\\/logo\\\/image\\\/\"}}]}<\/script>\n<!-- \/ Yoast SEO plugin. -->","yoast_head_json":{"title":"Certificeringen - HKS - The Metal Company","robots":{"index":"index","follow":"follow","max-snippet":"max-snippet:-1","max-image-preview":"max-image-preview:large","max-video-preview":"max-video-preview:-1"},"canonical":"https:\/\/www.hksmetals.eu\/de\/certificeringen\/","og_locale":"de_DE","og_type":"article","og_title":"Certificeringen - HKS - The Metal Company","og_description":"Certificeringen HKS Metals is in bezit van vele certificaten die aantoonbaar maken dat zij voldoet aan de gestelde eisen van de norm. Er zijn vele soorten normen waarvoor men zich kan laten certificeren. De beheersing is aangetoond.\u00a0 Duurzaam denken en doen ISO 14001ISO 9001WEEELABEX certificaat Nijmegen FPDWEEELABEX certificaat Nijmegen LHA SHAWEEELABEX certificaat Zwartsluis CFAWEEELABEX certificaat [&hellip;]","og_url":"https:\/\/www.hksmetals.eu\/de\/certificeringen\/","og_site_name":"HKS - The Metal Company","article_modified_time":"2026-01-08T10:47:03+00:00","twitter_card":"summary_large_image","twitter_misc":{"Gesch\u00e4tzte Lesezeit":"1\u00a0Minute"},"schema":{"@context":"https:\/\/schema.org","@graph":[{"@type":"WebPage","@id":"https:\/\/www.hksmetals.eu\/certificeringen\/","url":"https:\/\/www.hksmetals.eu\/certificeringen\/","name":"Certificeringen - HKS - The Metal Company","isPartOf":{"@id":"https:\/\/www.hksmetals.eu\/#website"},"datePublished":"2025-04-03T15:09:28+00:00","dateModified":"2026-01-08T10:47:03+00:00","breadcrumb":{"@id":"https:\/\/www.hksmetals.eu\/certificeringen\/#breadcrumb"},"inLanguage":"de","potentialAction":[{"@type":"ReadAction","target":["https:\/\/www.hksmetals.eu\/certificeringen\/"]}]},{"@type":"BreadcrumbList","@id":"https:\/\/www.hksmetals.eu\/certificeringen\/#breadcrumb","itemListElement":[{"@type":"ListItem","position":1,"name":"Home","item":"https:\/\/www.hksmetals.eu\/"},{"@type":"ListItem","position":2,"name":"Certificeringen"}]},{"@type":"WebSite","@id":"https:\/\/www.hksmetals.eu\/#website","url":"https:\/\/www.hksmetals.eu\/","name":"HKS - The Metal Company","description":"","publisher":{"@id":"https:\/\/www.hksmetals.eu\/#organization"},"potentialAction":[{"@type":"SearchAction","target":{"@type":"EntryPoint","urlTemplate":"https:\/\/www.hksmetals.eu\/?s={search_term_string}"},"query-input":{"@type":"PropertyValueSpecification","valueRequired":true,"valueName":"search_term_string"}}],"inLanguage":"de"},{"@type":"Organization","@id":"https:\/\/www.hksmetals.eu\/#organization","name":"HKS - The Metal Company","url":"https:\/\/www.hksmetals.eu\/","logo":{"@type":"ImageObject","inLanguage":"de","@id":"https:\/\/www.hksmetals.eu\/#\/schema\/logo\/image\/","url":"https:\/\/www.hksmetals.eu\/wp-content\/uploads\/2025\/03\/hks-logo-light.svg","contentUrl":"https:\/\/www.hksmetals.eu\/wp-content\/uploads\/2025\/03\/hks-logo-light.svg","width":156,"height":50,"caption":"HKS - The Metal Company"},"image":{"@id":"https:\/\/www.hksmetals.eu\/#\/schema\/logo\/image\/"}}]}},"_links":{"self":[{"href":"https:\/\/www.hksmetals.eu\/de\/wp-json\/wp\/v2\/pages\/464","targetHints":{"allow":["GET"]}}],"collection":[{"href":"https:\/\/www.hksmetals.eu\/de\/wp-json\/wp\/v2\/pages"}],"about":[{"href":"https:\/\/www.hksmetals.eu\/de\/wp-json\/wp\/v2\/types\/page"}],"author":[{"embeddable":true,"href":"https:\/\/www.hksmetals.eu\/de\/wp-json\/wp\/v2\/users\/1"}],"replies":[{"embeddable":true,"href":"https:\/\/www.hksmetals.eu\/de\/wp-json\/wp\/v2\/comments?post=464"}],"version-history":[{"count":55,"href":"https:\/\/www.hksmetals.eu\/de\/wp-json\/wp\/v2\/pages\/464\/revisions"}],"predecessor-version":[{"id":1928,"href":"https:\/\/www.hksmetals.eu\/de\/wp-json\/wp\/v2\/pages\/464\/revisions\/1928"}],"wp:attachment":[{"href":"https:\/\/www.hksmetals.eu\/de\/wp-json\/wp\/v2\/media?parent=464"}],"curies":[{"name":"wp","href":"https:\/\/api.w.org\/{rel}","templated":true}]}}