{"id":134,"date":"2025-03-31T13:14:59","date_gmt":"2025-03-31T13:14:59","guid":{"rendered":"https:\/\/hksmetals.eu\/?page_id=134"},"modified":"2025-08-19T10:26:53","modified_gmt":"2025-08-19T10:26:53","slug":"totale-ontzorging","status":"publish","type":"page","link":"https:\/\/www.hksmetals.eu\/de\/products-services\/totale-ontzorging\/","title":{"rendered":"Full-service"},"content":{"rendered":"<div data-elementor-type=\"wp-page\" data-elementor-id=\"134\" class=\"elementor elementor-134\" data-elementor-post-type=\"page\">\n\t\t\t\t\t\t<section class=\"elementor-section elementor-top-section elementor-element elementor-element-bf36b2c elementor-section-height-min-height elementor-section-items-top elementor-section-stretched elementor-section-boxed elementor-section-height-default\" data-id=\"bf36b2c\" data-element_type=\"section\" data-e-type=\"section\" data-settings=\"{&quot;background_background&quot;:&quot;classic&quot;,&quot;stretch_section&quot;:&quot;section-stretched&quot;}\">\n\t\t\t\t\t\t<div class=\"elementor-container elementor-column-gap-default\">\n\t\t\t\t\t<div class=\"elementor-column elementor-col-100 elementor-top-column elementor-element elementor-element-027765d\" data-id=\"027765d\" data-element_type=\"column\" data-e-type=\"column\">\n\t\t\t<div class=\"elementor-widget-wrap\">\n\t\t\t\t\t\t\t<\/div>\n\t\t<\/div>\n\t\t\t\t\t<\/div>\n\t\t<\/section>\n\t\t\t\t<section class=\"elementor-section elementor-top-section elementor-element elementor-element-7864878 elementor-section-boxed elementor-section-height-default elementor-section-height-default\" data-id=\"7864878\" data-element_type=\"section\" data-e-type=\"section\">\n\t\t\t\t\t\t<div class=\"elementor-container elementor-column-gap-default\">\n\t\t\t\t\t<div class=\"elementor-column elementor-col-100 elementor-top-column elementor-element elementor-element-20e6876\" data-id=\"20e6876\" data-element_type=\"column\" data-e-type=\"column\">\n\t\t\t<div class=\"elementor-widget-wrap elementor-element-populated\">\n\t\t\t\t\t\t<div class=\"elementor-element elementor-element-3352bad elementor-widget elementor-widget-heading\" data-id=\"3352bad\" data-element_type=\"widget\" data-e-type=\"widget\" data-widget_type=\"heading.default\">\n\t\t\t\t<div class=\"elementor-widget-container\">\n\t\t\t\t\t<h1 class=\"elementor-heading-title elementor-size-default\">Full-service<\/h1>\t\t\t\t<\/div>\n\t\t\t\t<\/div>\n\t\t\t\t<div class=\"elementor-element elementor-element-65693ce elementor-widget elementor-widget-text-editor\" data-id=\"65693ce\" data-element_type=\"widget\" data-e-type=\"widget\" data-widget_type=\"text-editor.default\">\n\t\t\t\t<div class=\"elementor-widget-container\">\n\t\t\t\t\t\t\t\t\t<div class=\"page-header page__header\" data-v-2ee3e782=\"\" data-v-6740dce9=\"\"><div class=\"page-header__content\" data-v-2ee3e782=\"\"><div class=\"page-header__content-wrap\" data-v-2ee3e782=\"\"><div class=\"page-header__card\" data-v-2ee3e782=\"\"><div class=\"page-header__desc\" data-v-2ee3e782=\"\"><p>Eine ma\u00dfgeschneiderte Gesamtl\u00f6sung mit bundesweitem Service - daf\u00fcr steht HKS. Mit unserem Service konzentrieren wir uns nicht nur auf den betrieblichen Ablauf, sondern auch auf die korrekte finanzielle Abwicklung und die professionelle Beratung zur Corporate Social Responsibility (CSR).<\/p><\/div><\/div><\/div><\/div><\/div><div class=\"page__content\" data-v-6740dce9=\"\"><div class=\"child-block page__block--grey-bg\" data-v-7d48d8b2=\"\" data-v-6740dce9=\"\">\u00a0<\/div><\/div>\t\t\t\t\t\t\t\t<\/div>\n\t\t\t\t<\/div>\n\t\t\t\t\t<\/div>\n\t\t<\/div>\n\t\t\t\t\t<\/div>\n\t\t<\/section>\n\t\t\t\t<section class=\"elementor-section elementor-top-section elementor-element elementor-element-b8a7343 elementor-section-stretched elementor-section-boxed elementor-section-height-default elementor-section-height-default\" data-id=\"b8a7343\" data-element_type=\"section\" data-e-type=\"section\" data-settings=\"{&quot;background_background&quot;:&quot;classic&quot;,&quot;stretch_section&quot;:&quot;section-stretched&quot;}\">\n\t\t\t\t\t\t<div class=\"elementor-container elementor-column-gap-default\">\n\t\t\t\t\t<div class=\"elementor-column elementor-col-100 elementor-top-column elementor-element elementor-element-5fca7b5\" data-id=\"5fca7b5\" data-element_type=\"column\" data-e-type=\"column\">\n\t\t\t<div class=\"elementor-widget-wrap elementor-element-populated\">\n\t\t\t\t\t\t<div class=\"elementor-element elementor-element-00071fc elementor-widget elementor-widget-heading\" data-id=\"00071fc\" data-element_type=\"widget\" data-e-type=\"widget\" data-widget_type=\"heading.default\">\n\t\t\t\t<div class=\"elementor-widget-container\">\n\t\t\t\t\t<h2 class=\"elementor-heading-title elementor-size-default\">Wie wir das machen<\/h2>\t\t\t\t<\/div>\n\t\t\t\t<\/div>\n\t\t\t\t<div class=\"elementor-element elementor-element-768d2a5 elementor-widget elementor-widget-text-editor\" data-id=\"768d2a5\" data-element_type=\"widget\" data-e-type=\"widget\" data-widget_type=\"text-editor.default\">\n\t\t\t\t<div class=\"elementor-widget-container\">\n\t\t\t\t\t\t\t\t\t<div class=\"columns\"><div class=\"column\"><img loading=\"lazy\" decoding=\"async\" class=\"alignnone wp-image-416 size-full\" src=\"https:\/\/www.hksmetals.eu\/wp-content\/uploads\/2025\/04\/Turnkey-Service.jpg\" alt=\"\" width=\"1056\" height=\"810\" srcset=\"https:\/\/www.hksmetals.eu\/wp-content\/uploads\/2025\/04\/Turnkey-Service.jpg 1056w, https:\/\/www.hksmetals.eu\/wp-content\/uploads\/2025\/04\/Turnkey-Service-300x230.jpg 300w, https:\/\/www.hksmetals.eu\/wp-content\/uploads\/2025\/04\/Turnkey-Service-1024x785.jpg 1024w, https:\/\/www.hksmetals.eu\/wp-content\/uploads\/2025\/04\/Turnkey-Service-768x589.jpg 768w\" sizes=\"auto, (max-width: 1056px) 100vw, 1056px\" \/><\/div><div class=\"column\"><h2>Schl\u00fcsselfertige Dienstleistung<\/h2><p>Wir gehen \u00fcber die Verarbeitung von R\u00fcckst\u00e4nden hinaus. Mit unserem schl\u00fcsselfertigen Dienstleistungspaket k\u00f6nnen Sie sich auch f\u00fcr eine vollst\u00e4ndige Entlastung an uns wenden. In einem ersten Schritt werden die bestehenden Prozesse optimiert. Danach k\u00f6nnen die Container platziert werden. Danach \u00fcbernehmen wir den logistischen Prozess. Wir haben auch die M\u00f6glichkeit, Ihnen die besten Kettenpartner vorzustellen, die unter unserer Verantwortung arbeiten. Und schlie\u00dflich sind wir in der Lage, Sie professionell, nachhaltig und effektiv im Bereich der sozialen Verantwortung von Unternehmen zu beraten.<\/p><\/div><\/div>\t\t\t\t\t\t\t\t<\/div>\n\t\t\t\t<\/div>\n\t\t\t\t\t<\/div>\n\t\t<\/div>\n\t\t\t\t\t<\/div>\n\t\t<\/section>\n\t\t\t\t<section class=\"elementor-section elementor-top-section elementor-element elementor-element-6322358 elementor-section-boxed elementor-section-height-default elementor-section-height-default\" data-id=\"6322358\" data-element_type=\"section\" data-e-type=\"section\">\n\t\t\t\t\t\t<div class=\"elementor-container elementor-column-gap-default\">\n\t\t\t\t\t<div class=\"elementor-column elementor-col-100 elementor-top-column elementor-element elementor-element-c6dd039\" data-id=\"c6dd039\" data-element_type=\"column\" data-e-type=\"column\">\n\t\t\t<div class=\"elementor-widget-wrap elementor-element-populated\">\n\t\t\t\t\t\t<section class=\"elementor-section elementor-inner-section elementor-element elementor-element-79e695b elementor-section-boxed elementor-section-height-default elementor-section-height-default\" data-id=\"79e695b\" data-element_type=\"section\" data-e-type=\"section\">\n\t\t\t\t\t\t<div class=\"elementor-container elementor-column-gap-default\">\n\t\t\t\t\t<div class=\"elementor-column elementor-col-33 elementor-inner-column elementor-element elementor-element-6381c7b\" data-id=\"6381c7b\" data-element_type=\"column\" data-e-type=\"column\">\n\t\t\t<div class=\"elementor-widget-wrap elementor-element-populated\">\n\t\t\t\t\t\t<div class=\"elementor-element elementor-element-0c9d922 elementor-flip-box--effect-fade elementor-widget elementor-widget-flip-box\" data-id=\"0c9d922\" data-element_type=\"widget\" data-e-type=\"widget\" data-widget_type=\"flip-box.default\">\n\t\t\t\t<div class=\"elementor-widget-container\">\n\t\t\t\t\t\t\t<div class=\"elementor-flip-box\" tabindex=\"0\">\n\t\t\t<div class=\"elementor-flip-box__layer elementor-flip-box__front\">\n\t\t\t\t<div class=\"elementor-flip-box__layer__overlay\">\n\t\t\t\t\t<div class=\"elementor-flip-box__layer__inner\">\n\t\t\t\t\t\t\n\t\t\t\t\t\t\n\t\t\t\t\t\t\t\t\t\t\t<\/div>\n\t\t\t\t<\/div>\n\t\t\t<\/div>\n\t\t\t<a class=\"elementor-flip-box__layer elementor-flip-box__back\" href=\"https:\/\/www.hksmetals.eu\/de\/products-services\/recycling\/\">\n\t\t\t<div class=\"elementor-flip-box__layer__overlay\">\n\t\t\t\t<div class=\"elementor-flip-box__layer__inner\">\n\t\t\t\t\t\n\t\t\t\t\t\n\t\t\t\t\t\t\t\t\t\t\t<span class=\"elementor-flip-box__button elementor-button elementor-size-md\">\n\t\t\t\t\t\t\tSiehe\t\t\t\t\t\t<\/span>\n\t\t\t\t\t\t\t\t<\/div>\n\t\t<\/div>\n\t\t<\/a>\n\t\t<\/div>\n\t\t\t\t\t\t<\/div>\n\t\t\t\t<\/div>\n\t\t\t\t<div class=\"elementor-element elementor-element-fe56152 elementor-widget elementor-widget-heading\" data-id=\"fe56152\" data-element_type=\"widget\" data-e-type=\"widget\" data-widget_type=\"heading.default\">\n\t\t\t\t<div class=\"elementor-widget-container\">\n\t\t\t\t\t<h4 class=\"elementor-heading-title elementor-size-default\">Recycling<\/h4>\t\t\t\t<\/div>\n\t\t\t\t<\/div>\n\t\t\t\t<div class=\"elementor-element elementor-element-3563538 elementor-widget elementor-widget-text-editor\" data-id=\"3563538\" data-element_type=\"widget\" data-e-type=\"widget\" data-widget_type=\"text-editor.default\">\n\t\t\t\t<div class=\"elementor-widget-container\">\n\t\t\t\t\t\t\t\t\t<div class=\"page-header page__header page__header--grey-bg\" data-v-6c8c1df4=\"\" data-v-6740dce9=\"\"><div class=\"page-header__content\" data-v-6c8c1df4=\"\"><div class=\"page-header__content-wrap\" data-v-6c8c1df4=\"\"><div class=\"page-header__card\" data-v-6c8c1df4=\"\"><div class=\"page-header__desc t-div\" data-v-6c8c1df4=\"\"><div class=\"split-block__desc u-wysiwyg\" data-v-5e32b152=\"\"><div class=\"product-card__copy\" data-v-e57f72d4=\"\"><div class=\"product-card__desc\" data-v-e57f72d4=\"\"><p>Wir sind auf das Recycling von Eisen und Metallen spezialisiert, haben aber auch L\u00f6sungen f\u00fcr andere...<\/p><\/div><\/div><\/div><\/div><\/div><\/div><\/div><\/div>\t\t\t\t\t\t\t\t<\/div>\n\t\t\t\t<\/div>\n\t\t\t\t\t<\/div>\n\t\t<\/div>\n\t\t\t\t<div class=\"elementor-column elementor-col-33 elementor-inner-column elementor-element elementor-element-5ff51d2\" data-id=\"5ff51d2\" data-element_type=\"column\" data-e-type=\"column\">\n\t\t\t<div class=\"elementor-widget-wrap elementor-element-populated\">\n\t\t\t\t\t\t<div class=\"elementor-element elementor-element-e3de351 elementor-flip-box--effect-fade elementor-widget elementor-widget-flip-box\" data-id=\"e3de351\" data-element_type=\"widget\" data-e-type=\"widget\" data-widget_type=\"flip-box.default\">\n\t\t\t\t<div class=\"elementor-widget-container\">\n\t\t\t\t\t\t\t<div class=\"elementor-flip-box\" tabindex=\"0\">\n\t\t\t<div class=\"elementor-flip-box__layer elementor-flip-box__front\">\n\t\t\t\t<div class=\"elementor-flip-box__layer__overlay\">\n\t\t\t\t\t<div class=\"elementor-flip-box__layer__inner\">\n\t\t\t\t\t\t\n\t\t\t\t\t\t\n\t\t\t\t\t\t\t\t\t\t\t<\/div>\n\t\t\t\t<\/div>\n\t\t\t<\/div>\n\t\t\t<a class=\"elementor-flip-box__layer elementor-flip-box__back\" href=\"https:\/\/www.hksmetals.eu\/de\/products-services\/logistiek\/\">\n\t\t\t<div class=\"elementor-flip-box__layer__overlay\">\n\t\t\t\t<div class=\"elementor-flip-box__layer__inner\">\n\t\t\t\t\t\n\t\t\t\t\t\n\t\t\t\t\t\t\t\t\t\t\t<span class=\"elementor-flip-box__button elementor-button elementor-size-md\">\n\t\t\t\t\t\t\tSiehe\t\t\t\t\t\t<\/span>\n\t\t\t\t\t\t\t\t<\/div>\n\t\t<\/div>\n\t\t<\/a>\n\t\t<\/div>\n\t\t\t\t\t\t<\/div>\n\t\t\t\t<\/div>\n\t\t\t\t<div class=\"elementor-element elementor-element-502645d elementor-widget elementor-widget-heading\" data-id=\"502645d\" data-element_type=\"widget\" data-e-type=\"widget\" data-widget_type=\"heading.default\">\n\t\t\t\t<div class=\"elementor-widget-container\">\n\t\t\t\t\t<h4 class=\"elementor-heading-title elementor-size-default\">Logistik<\/h4>\t\t\t\t<\/div>\n\t\t\t\t<\/div>\n\t\t\t\t<div class=\"elementor-element elementor-element-beae941 elementor-widget elementor-widget-text-editor\" data-id=\"beae941\" data-element_type=\"widget\" data-e-type=\"widget\" data-widget_type=\"text-editor.default\">\n\t\t\t\t<div class=\"elementor-widget-container\">\n\t\t\t\t\t\t\t\t\t<div class=\"page-header page__header page__header--grey-bg\" data-v-6c8c1df4=\"\" data-v-6740dce9=\"\"><div class=\"page-header__content\" data-v-6c8c1df4=\"\"><div class=\"page-header__content-wrap\" data-v-6c8c1df4=\"\"><div class=\"page-header__card\" data-v-6c8c1df4=\"\"><div class=\"page-header__desc t-div\" data-v-6c8c1df4=\"\"><div class=\"split-block__desc u-wysiwyg\" data-v-5e32b152=\"\"><div class=\"product-card__copy\" data-v-e57f72d4=\"\"><div class=\"product-card__desc\" data-v-e57f72d4=\"\"><div class=\"product-card__copy\" data-v-e57f72d4=\"\"><div class=\"product-card__desc\" data-v-e57f72d4=\"\"><p>Wir sind gerne bereit, \u00fcber die Sammlung und Verarbeitung von Metallen nachzudenken. Mit unserer Logistik...<\/p><\/div><\/div><\/div><\/div><\/div><\/div><\/div><\/div><\/div><\/div>\t\t\t\t\t\t\t\t<\/div>\n\t\t\t\t<\/div>\n\t\t\t\t\t<\/div>\n\t\t<\/div>\n\t\t\t\t<div class=\"elementor-column elementor-col-33 elementor-inner-column elementor-element elementor-element-a946508\" data-id=\"a946508\" data-element_type=\"column\" data-e-type=\"column\">\n\t\t\t<div class=\"elementor-widget-wrap elementor-element-populated\">\n\t\t\t\t\t\t<div class=\"elementor-element elementor-element-5532dc8 elementor-flip-box--effect-fade elementor-widget elementor-widget-flip-box\" data-id=\"5532dc8\" data-element_type=\"widget\" data-e-type=\"widget\" data-widget_type=\"flip-box.default\">\n\t\t\t\t<div class=\"elementor-widget-container\">\n\t\t\t\t\t\t\t<div class=\"elementor-flip-box\" tabindex=\"0\">\n\t\t\t<div class=\"elementor-flip-box__layer elementor-flip-box__front\">\n\t\t\t\t<div class=\"elementor-flip-box__layer__overlay\">\n\t\t\t\t\t<div class=\"elementor-flip-box__layer__inner\">\n\t\t\t\t\t\t\n\t\t\t\t\t\t\n\t\t\t\t\t\t\t\t\t\t\t<\/div>\n\t\t\t\t<\/div>\n\t\t\t<\/div>\n\t\t\t<a class=\"elementor-flip-box__layer elementor-flip-box__back\" href=\"https:\/\/www.hksmetals.eu\/de\/products-services\/vernietiging\/\">\n\t\t\t<div class=\"elementor-flip-box__layer__overlay\">\n\t\t\t\t<div class=\"elementor-flip-box__layer__inner\">\n\t\t\t\t\t\n\t\t\t\t\t\n\t\t\t\t\t\t\t\t\t\t\t<span class=\"elementor-flip-box__button elementor-button elementor-size-md\">\n\t\t\t\t\t\t\tSiehe\t\t\t\t\t\t<\/span>\n\t\t\t\t\t\t\t\t<\/div>\n\t\t<\/div>\n\t\t<\/a>\n\t\t<\/div>\n\t\t\t\t\t\t<\/div>\n\t\t\t\t<\/div>\n\t\t\t\t<div class=\"elementor-element elementor-element-711c051 elementor-widget elementor-widget-heading\" data-id=\"711c051\" data-element_type=\"widget\" data-e-type=\"widget\" data-widget_type=\"heading.default\">\n\t\t\t\t<div class=\"elementor-widget-container\">\n\t\t\t\t\t<h4 class=\"elementor-heading-title elementor-size-default\">Vernichtung<\/h4>\t\t\t\t<\/div>\n\t\t\t\t<\/div>\n\t\t\t\t<div class=\"elementor-element elementor-element-4fff8ad elementor-widget elementor-widget-text-editor\" data-id=\"4fff8ad\" data-element_type=\"widget\" data-e-type=\"widget\" data-widget_type=\"text-editor.default\">\n\t\t\t\t<div class=\"elementor-widget-container\">\n\t\t\t\t\t\t\t\t\t<p>Es gibt Materialien, die sicher, aber vor allem diskret vernichtet werden m\u00fcssen. Denken Sie an...<\/p>\t\t\t\t\t\t\t\t<\/div>\n\t\t\t\t<\/div>\n\t\t\t\t\t<\/div>\n\t\t<\/div>\n\t\t\t\t\t<\/div>\n\t\t<\/section>\n\t\t\t\t<section class=\"elementor-section elementor-inner-section elementor-element elementor-element-e9e71d9 elementor-section-boxed elementor-section-height-default elementor-section-height-default\" data-id=\"e9e71d9\" data-element_type=\"section\" data-e-type=\"section\">\n\t\t\t\t\t\t<div class=\"elementor-container elementor-column-gap-default\">\n\t\t\t\t\t<div class=\"elementor-column elementor-col-50 elementor-inner-column elementor-element elementor-element-752e547\" data-id=\"752e547\" data-element_type=\"column\" data-e-type=\"column\">\n\t\t\t<div class=\"elementor-widget-wrap\">\n\t\t\t\t\t\t\t<\/div>\n\t\t<\/div>\n\t\t\t\t<div class=\"elementor-column elementor-col-50 elementor-inner-column elementor-element elementor-element-34e4802\" data-id=\"34e4802\" data-element_type=\"column\" data-e-type=\"column\">\n\t\t\t<div class=\"elementor-widget-wrap\">\n\t\t\t\t\t\t\t<\/div>\n\t\t<\/div>\n\t\t\t\t\t<\/div>\n\t\t<\/section>\n\t\t\t\t\t<\/div>\n\t\t<\/div>\n\t\t\t\t\t<\/div>\n\t\t<\/section>\n\t\t\t\t<\/div>","protected":false},"excerpt":{"rendered":"<p>Totale ontzorging Een op maat gemaakte totaaloplossing met landelijke dienstverlening is waar HKS voor staat. Met onze service richten we ons niet alleen op het operationele proces, maar ook op de accurate financi\u00eble afwikkeling en professioneel advies op het gebied van maatschappelijk verantwoord ondernemen (MVO). \u00a0 Hoe wij het aanpakken Turnkey service Wij gaan verder [&hellip;]<\/p>\n","protected":false},"author":1,"featured_media":0,"parent":37,"menu_order":0,"comment_status":"closed","ping_status":"closed","template":"elementor_header_footer","meta":{"_acf_changed":false,"inline_featured_image":false,"_genesis_hide_title":false,"_genesis_hide_breadcrumbs":false,"_genesis_hide_singular_image":false,"_genesis_hide_footer_widgets":false,"_genesis_custom_body_class":"","_genesis_custom_post_class":"","_genesis_layout":"","footnotes":""},"class_list":{"0":"post-134","1":"page","2":"type-page","3":"status-publish","5":"entry"},"acf":[],"yoast_head":"<!-- This site is optimized with the Yoast SEO plugin v27.5 - https:\/\/yoast.com\/product\/yoast-seo-wordpress\/ -->\n<title>Totale ontzorging - HKS - The Metal Company<\/title>\n<meta name=\"robots\" content=\"index, follow, max-snippet:-1, max-image-preview:large, max-video-preview:-1\" \/>\n<link rel=\"canonical\" href=\"https:\/\/www.hksmetals.eu\/de\/products-services\/totale-ontzorging\/\" \/>\n<meta property=\"og:locale\" content=\"de_DE\" \/>\n<meta property=\"og:type\" content=\"article\" \/>\n<meta property=\"og:title\" content=\"Totale ontzorging - HKS - The Metal Company\" \/>\n<meta property=\"og:description\" content=\"Totale ontzorging Een op maat gemaakte totaaloplossing met landelijke dienstverlening is waar HKS voor staat. Met onze service richten we ons niet alleen op het operationele proces, maar ook op de accurate financi\u00eble afwikkeling en professioneel advies op het gebied van maatschappelijk verantwoord ondernemen (MVO). \u00a0 Hoe wij het aanpakken Turnkey service Wij gaan verder [&hellip;]\" \/>\n<meta property=\"og:url\" content=\"https:\/\/www.hksmetals.eu\/de\/products-services\/totale-ontzorging\/\" \/>\n<meta property=\"og:site_name\" content=\"HKS - The Metal Company\" \/>\n<meta property=\"article:modified_time\" content=\"2025-08-19T10:26:53+00:00\" \/>\n<meta property=\"og:image\" content=\"https:\/\/hksmetals.eu\/wp-content\/uploads\/2025\/04\/Turnkey-Service.jpg\" \/>\n<meta name=\"twitter:card\" content=\"summary_large_image\" \/>\n<meta name=\"twitter:label1\" content=\"Gesch\u00e4tzte Lesezeit\" \/>\n\t<meta name=\"twitter:data1\" content=\"1\u00a0Minute\" \/>\n<script type=\"application\/ld+json\" class=\"yoast-schema-graph\">{\"@context\":\"https:\\\/\\\/schema.org\",\"@graph\":[{\"@type\":\"WebPage\",\"@id\":\"https:\\\/\\\/www.hksmetals.eu\\\/products-services\\\/totale-ontzorging\\\/\",\"url\":\"https:\\\/\\\/www.hksmetals.eu\\\/products-services\\\/totale-ontzorging\\\/\",\"name\":\"Totale ontzorging - HKS - The Metal Company\",\"isPartOf\":{\"@id\":\"https:\\\/\\\/www.hksmetals.eu\\\/#website\"},\"primaryImageOfPage\":{\"@id\":\"https:\\\/\\\/www.hksmetals.eu\\\/products-services\\\/totale-ontzorging\\\/#primaryimage\"},\"image\":{\"@id\":\"https:\\\/\\\/www.hksmetals.eu\\\/products-services\\\/totale-ontzorging\\\/#primaryimage\"},\"thumbnailUrl\":\"https:\\\/\\\/hksmetals.eu\\\/wp-content\\\/uploads\\\/2025\\\/04\\\/Turnkey-Service.jpg\",\"datePublished\":\"2025-03-31T13:14:59+00:00\",\"dateModified\":\"2025-08-19T10:26:53+00:00\",\"breadcrumb\":{\"@id\":\"https:\\\/\\\/www.hksmetals.eu\\\/products-services\\\/totale-ontzorging\\\/#breadcrumb\"},\"inLanguage\":\"de\",\"potentialAction\":[{\"@type\":\"ReadAction\",\"target\":[\"https:\\\/\\\/www.hksmetals.eu\\\/products-services\\\/totale-ontzorging\\\/\"]}]},{\"@type\":\"ImageObject\",\"inLanguage\":\"de\",\"@id\":\"https:\\\/\\\/www.hksmetals.eu\\\/products-services\\\/totale-ontzorging\\\/#primaryimage\",\"url\":\"https:\\\/\\\/hksmetals.eu\\\/wp-content\\\/uploads\\\/2025\\\/04\\\/Turnkey-Service.jpg\",\"contentUrl\":\"https:\\\/\\\/hksmetals.eu\\\/wp-content\\\/uploads\\\/2025\\\/04\\\/Turnkey-Service.jpg\"},{\"@type\":\"BreadcrumbList\",\"@id\":\"https:\\\/\\\/www.hksmetals.eu\\\/products-services\\\/totale-ontzorging\\\/#breadcrumb\",\"itemListElement\":[{\"@type\":\"ListItem\",\"position\":1,\"name\":\"Home\",\"item\":\"https:\\\/\\\/www.hksmetals.eu\\\/\"},{\"@type\":\"ListItem\",\"position\":2,\"name\":\"Producten &amp; diensten\",\"item\":\"https:\\\/\\\/www.hksmetals.eu\\\/products-services\\\/\"},{\"@type\":\"ListItem\",\"position\":3,\"name\":\"Totale ontzorging\"}]},{\"@type\":\"WebSite\",\"@id\":\"https:\\\/\\\/www.hksmetals.eu\\\/#website\",\"url\":\"https:\\\/\\\/www.hksmetals.eu\\\/\",\"name\":\"HKS - The Metal Company\",\"description\":\"\",\"publisher\":{\"@id\":\"https:\\\/\\\/www.hksmetals.eu\\\/#organization\"},\"potentialAction\":[{\"@type\":\"SearchAction\",\"target\":{\"@type\":\"EntryPoint\",\"urlTemplate\":\"https:\\\/\\\/www.hksmetals.eu\\\/?s={search_term_string}\"},\"query-input\":{\"@type\":\"PropertyValueSpecification\",\"valueRequired\":true,\"valueName\":\"search_term_string\"}}],\"inLanguage\":\"de\"},{\"@type\":\"Organization\",\"@id\":\"https:\\\/\\\/www.hksmetals.eu\\\/#organization\",\"name\":\"HKS - The Metal Company\",\"url\":\"https:\\\/\\\/www.hksmetals.eu\\\/\",\"logo\":{\"@type\":\"ImageObject\",\"inLanguage\":\"de\",\"@id\":\"https:\\\/\\\/www.hksmetals.eu\\\/#\\\/schema\\\/logo\\\/image\\\/\",\"url\":\"https:\\\/\\\/www.hksmetals.eu\\\/wp-content\\\/uploads\\\/2025\\\/03\\\/hks-logo-light.svg\",\"contentUrl\":\"https:\\\/\\\/www.hksmetals.eu\\\/wp-content\\\/uploads\\\/2025\\\/03\\\/hks-logo-light.svg\",\"width\":156,\"height\":50,\"caption\":\"HKS - The Metal Company\"},\"image\":{\"@id\":\"https:\\\/\\\/www.hksmetals.eu\\\/#\\\/schema\\\/logo\\\/image\\\/\"}}]}<\/script>\n<!-- \/ Yoast SEO plugin. -->","yoast_head_json":{"title":"Totale ontzorging - HKS - The Metal Company","robots":{"index":"index","follow":"follow","max-snippet":"max-snippet:-1","max-image-preview":"max-image-preview:large","max-video-preview":"max-video-preview:-1"},"canonical":"https:\/\/www.hksmetals.eu\/de\/products-services\/totale-ontzorging\/","og_locale":"de_DE","og_type":"article","og_title":"Totale ontzorging - HKS - The Metal Company","og_description":"Totale ontzorging Een op maat gemaakte totaaloplossing met landelijke dienstverlening is waar HKS voor staat. Met onze service richten we ons niet alleen op het operationele proces, maar ook op de accurate financi\u00eble afwikkeling en professioneel advies op het gebied van maatschappelijk verantwoord ondernemen (MVO). \u00a0 Hoe wij het aanpakken Turnkey service Wij gaan verder [&hellip;]","og_url":"https:\/\/www.hksmetals.eu\/de\/products-services\/totale-ontzorging\/","og_site_name":"HKS - The Metal Company","article_modified_time":"2025-08-19T10:26:53+00:00","og_image":[{"url":"https:\/\/hksmetals.eu\/wp-content\/uploads\/2025\/04\/Turnkey-Service.jpg","type":"","width":"","height":""}],"twitter_card":"summary_large_image","twitter_misc":{"Gesch\u00e4tzte Lesezeit":"1\u00a0Minute"},"schema":{"@context":"https:\/\/schema.org","@graph":[{"@type":"WebPage","@id":"https:\/\/www.hksmetals.eu\/products-services\/totale-ontzorging\/","url":"https:\/\/www.hksmetals.eu\/products-services\/totale-ontzorging\/","name":"Totale ontzorging - HKS - The Metal Company","isPartOf":{"@id":"https:\/\/www.hksmetals.eu\/#website"},"primaryImageOfPage":{"@id":"https:\/\/www.hksmetals.eu\/products-services\/totale-ontzorging\/#primaryimage"},"image":{"@id":"https:\/\/www.hksmetals.eu\/products-services\/totale-ontzorging\/#primaryimage"},"thumbnailUrl":"https:\/\/hksmetals.eu\/wp-content\/uploads\/2025\/04\/Turnkey-Service.jpg","datePublished":"2025-03-31T13:14:59+00:00","dateModified":"2025-08-19T10:26:53+00:00","breadcrumb":{"@id":"https:\/\/www.hksmetals.eu\/products-services\/totale-ontzorging\/#breadcrumb"},"inLanguage":"de","potentialAction":[{"@type":"ReadAction","target":["https:\/\/www.hksmetals.eu\/products-services\/totale-ontzorging\/"]}]},{"@type":"ImageObject","inLanguage":"de","@id":"https:\/\/www.hksmetals.eu\/products-services\/totale-ontzorging\/#primaryimage","url":"https:\/\/hksmetals.eu\/wp-content\/uploads\/2025\/04\/Turnkey-Service.jpg","contentUrl":"https:\/\/hksmetals.eu\/wp-content\/uploads\/2025\/04\/Turnkey-Service.jpg"},{"@type":"BreadcrumbList","@id":"https:\/\/www.hksmetals.eu\/products-services\/totale-ontzorging\/#breadcrumb","itemListElement":[{"@type":"ListItem","position":1,"name":"Home","item":"https:\/\/www.hksmetals.eu\/"},{"@type":"ListItem","position":2,"name":"Producten &amp; diensten","item":"https:\/\/www.hksmetals.eu\/products-services\/"},{"@type":"ListItem","position":3,"name":"Totale ontzorging"}]},{"@type":"WebSite","@id":"https:\/\/www.hksmetals.eu\/#website","url":"https:\/\/www.hksmetals.eu\/","name":"HKS - The Metal Company","description":"","publisher":{"@id":"https:\/\/www.hksmetals.eu\/#organization"},"potentialAction":[{"@type":"SearchAction","target":{"@type":"EntryPoint","urlTemplate":"https:\/\/www.hksmetals.eu\/?s={search_term_string}"},"query-input":{"@type":"PropertyValueSpecification","valueRequired":true,"valueName":"search_term_string"}}],"inLanguage":"de"},{"@type":"Organization","@id":"https:\/\/www.hksmetals.eu\/#organization","name":"HKS - The Metal Company","url":"https:\/\/www.hksmetals.eu\/","logo":{"@type":"ImageObject","inLanguage":"de","@id":"https:\/\/www.hksmetals.eu\/#\/schema\/logo\/image\/","url":"https:\/\/www.hksmetals.eu\/wp-content\/uploads\/2025\/03\/hks-logo-light.svg","contentUrl":"https:\/\/www.hksmetals.eu\/wp-content\/uploads\/2025\/03\/hks-logo-light.svg","width":156,"height":50,"caption":"HKS - The Metal Company"},"image":{"@id":"https:\/\/www.hksmetals.eu\/#\/schema\/logo\/image\/"}}]}},"_links":{"self":[{"href":"https:\/\/www.hksmetals.eu\/de\/wp-json\/wp\/v2\/pages\/134","targetHints":{"allow":["GET"]}}],"collection":[{"href":"https:\/\/www.hksmetals.eu\/de\/wp-json\/wp\/v2\/pages"}],"about":[{"href":"https:\/\/www.hksmetals.eu\/de\/wp-json\/wp\/v2\/types\/page"}],"author":[{"embeddable":true,"href":"https:\/\/www.hksmetals.eu\/de\/wp-json\/wp\/v2\/users\/1"}],"replies":[{"embeddable":true,"href":"https:\/\/www.hksmetals.eu\/de\/wp-json\/wp\/v2\/comments?post=134"}],"version-history":[{"count":19,"href":"https:\/\/www.hksmetals.eu\/de\/wp-json\/wp\/v2\/pages\/134\/revisions"}],"predecessor-version":[{"id":1400,"href":"https:\/\/www.hksmetals.eu\/de\/wp-json\/wp\/v2\/pages\/134\/revisions\/1400"}],"up":[{"embeddable":true,"href":"https:\/\/www.hksmetals.eu\/de\/wp-json\/wp\/v2\/pages\/37"}],"wp:attachment":[{"href":"https:\/\/www.hksmetals.eu\/de\/wp-json\/wp\/v2\/media?parent=134"}],"curies":[{"name":"wp","href":"https:\/\/api.w.org\/{rel}","templated":true}]}}